{"id":1051,"date":"2016-12-01T09:35:08","date_gmt":"2016-12-01T08:35:08","guid":{"rendered":"http:\/\/klient.engel-helden.de\/ebev\/?page_id=1051\/"},"modified":"2016-12-01T11:30:30","modified_gmt":"2016-12-01T10:30:30","slug":"imprint","status":"publish","type":"page","link":"https:\/\/ebev.de\/es\/imprint\/","title":{"rendered":"Imprint"},"content":{"rendered":"<p>[vc_row][vc_column][vc_column_text]<\/p>\n<h1>Aviso legal<\/h1>\n<div>\n<p><strong>Responsable del contenido de estas p\u00e1ginas:<\/strong><\/p>\n<p><strong>EBEV GmbH &amp; Co.KG<\/strong><br \/>\nHinterm Rhaden 12<br \/>\nD-26188 Edewecht\/Jeddeloh 1<br \/>\nTel. +49 (0) 4405-9980-0<br \/>\nFax. +49 (0) 4405-9980-28 \/ 29<br \/>\nE-Mail: <a href=\"mailto:info@ebev.de\">info@ebev.de<\/a><br \/>\nInternet: <a href=\"http:\/\/www.ebev.de\/\">www.ebev.de<\/a><\/p>\n<p>Tribunal de registro: Juzgado de primera instancia de Oldenburg HRA 202032<br \/>\nN\u00famero de identificaci\u00f3n del impuesto sobre el valor a\u00f1adido: DE267993512<\/p>\n<p>Socio general: EBEV Verwaltungs GmbH<br \/>\nHinterm Rhaden 12, D-26188 Edewecht\/Jeddeloh 1, Alemania<br \/>\nDirectores gerentes: Heinz Westphal, Sabrina Westphal<br \/>\nApoderada: Nicole Westphal<\/p>\n<p>Quedan reservados todos los derechos de fotos, im\u00e1genes, textos y dem\u00e1s contenido que aparezcan en nuestras p\u00e1ginas de Internet. Solamente se permite la reproducci\u00f3n o divulgaci\u00f3n (por completo o en parte) previo consentimiento nuestro. Se perseguir\u00e1n legalmente a todas las transgresiones.<\/p>\n<p>Aunque llevamos a cabo una verificaci\u00f3n cuidadosa de todos los enlaces externos no nos hacemos responsables del contenido de ellos.<\/p>\n<\/div>\n<div>\n<hr size=\"2\" width=\"100%\" \/>\n<p><strong>Conception, Design &amp; Development:<\/strong><br \/>\nEngel&amp;Helden Werbeagentur\u00a0GmbH<br \/>\nHauptstra\u00dfe 1<br \/>\n26122 Oldenburg<br \/>\n<a href=\"http:\/\/www.engel-helden.de\" target=\"_blank\">http:\/\/www.engel-helden.de<\/a><\/p>\n<\/div>\n<p>[\/vc_column_text][\/vc_column][\/vc_row]<\/p>\n","protected":false},"excerpt":{"rendered":"<p>[vc_row][vc_column][vc_column_text] Aviso legal Responsable del contenido de estas p\u00e1ginas: EBEV GmbH &amp; Co.KG Hinterm Rhaden 12 D-26188 Edewecht\/Jeddeloh 1 Tel. +49 (0) 4405-9980-0 Fax. +49 (0)<span class=\"excerpt-hellip\"> [\u2026]<\/span><\/p>\n","protected":false},"author":1,"featured_media":0,"parent":0,"menu_order":6,"comment_status":"closed","ping_status":"closed","template":"","meta":{"footnotes":""},"class_list":["post-1051","page","type-page","status-publish","hentry"],"aioseo_notices":[],"_links":{"self":[{"href":"https:\/\/ebev.de\/es\/wp-json\/wp\/v2\/pages\/1051","targetHints":{"allow":["GET"]}}],"collection":[{"href":"https:\/\/ebev.de\/es\/wp-json\/wp\/v2\/pages"}],"about":[{"href":"https:\/\/ebev.de\/es\/wp-json\/wp\/v2\/types\/page"}],"author":[{"embeddable":true,"href":"https:\/\/ebev.de\/es\/wp-json\/wp\/v2\/users\/1"}],"replies":[{"embeddable":true,"href":"https:\/\/ebev.de\/es\/wp-json\/wp\/v2\/comments?post=1051"}],"version-history":[{"count":2,"href":"https:\/\/ebev.de\/es\/wp-json\/wp\/v2\/pages\/1051\/revisions"}],"predecessor-version":[{"id":1069,"href":"https:\/\/ebev.de\/es\/wp-json\/wp\/v2\/pages\/1051\/revisions\/1069"}],"wp:attachment":[{"href":"https:\/\/ebev.de\/es\/wp-json\/wp\/v2\/media?parent=1051"}],"curies":[{"name":"wp","href":"https:\/\/api.w.org\/{rel}","templated":true}]}}