{"id":530,"date":"2016-08-24T15:08:38","date_gmt":"2016-08-24T13:08:38","guid":{"rendered":"http:\/\/klient.engel-helden.de\/ebev\/es\/?page_id=530"},"modified":"2016-11-14T15:29:08","modified_gmt":"2016-11-14T14:29:08","slug":"empresa","status":"publish","type":"page","link":"https:\/\/ebev.de\/es\/empresa\/","title":{"rendered":"Empresa"},"content":{"rendered":"<p>[vc_row full_width=\u00bbstretch_row\u00bb css=\u00bb.vc_custom_1477994270737{margin-top: 0px !important;padding-top: 20px !important;background-color: #ededed !important;}\u00bb][vc_column width=\u00bb1\/3&#8243;][\/vc_column][vc_column width=\u00bb1\/3&#8243;][vc_icon type=\u00bbentypo\u00bb icon_entypo=\u00bbentypo-icon entypo-icon-tools\u00bb color=\u00bbcustom\u00bb size=\u00bbxl\u00bb align=\u00bbcenter\u00bb custom_color=\u00bb#2082b1&#8243;][\/vc_column][vc_column width=\u00bb1\/3&#8243;][\/vc_column][\/vc_row][vc_row full_width=\u00bbstretch_row\u00bb css=\u00bb.vc_custom_1477994289763{padding-bottom: 20px !important;background-color: #ededed !important;}\u00bb][vc_column width=\u00bb1\/6&#8243;][\/vc_column][vc_column width=\u00bb2\/3&#8243;][vc_column_text]<\/p>\n<h1 style=\"text-align: center;\">La filosof\u00eda de nuestra empresa se caracteriza por la calidad, flexibilidad, fiabilidad y por un trato personalizado del cliente.<\/h1>\n<p>[\/vc_column_text][vc_column_text]<\/p>\n<p style=\"text-align: center;\">El empleo de materiales de alta calidad y el uso de tecnolog\u00eda controlada por ordenador garantizan que los productos de EBEV cumplan con las m\u00e1s altas exigencias de calidad.\u00a0Nuestro sistema moderno de almacenamiento nos facilita una informaci\u00f3n instant\u00e1nea de todos los componentes almacenados y de los procesos preliminares de producci\u00f3n. De esta forma, se realizan los pedidos de manera r\u00e1pida y segura, desde la entrada del pedido hasta la entrega final. Un alto grado de flexibilidad nos permite una reacci\u00f3n r\u00e1pida a los requerimientos de nuestros clientes.<\/p>\n<p style=\"text-align: center;\">Llevamos a cabo el asesoramiento profesional de nuestros clientes con personal cualificado en las ventas, el dise\u00f1o y el mecanizado. Tenemos a\u00f1os de experiencia lo que nos permite realizar soluciones individuales o complejas de forma fiable.\u00a0El contacto directo con los usuarios y futuros clientes de todo el mundo lo mantienen los especialistas de EBEV mediante visitas personales que realizan varias veces al a\u00f1o.\u00a0De esta forma el intercambio de experiencias con nuestros clientes nos ayuda a optimizar la fabricaci\u00f3n de los productos de EBEV manteniendo un est\u00e1ndar de alto rendimiento en los equipos de pavimentaci\u00f3n de carreteras en operaci\u00f3n.<\/p>\n<p>[\/vc_column_text][\/vc_column][vc_column width=\u00bb1\/6&#8243;][\/vc_column][\/vc_row][vc_row css=\u00bb.vc_custom_1477994165603{padding-top: 40px !important;padding-bottom: 20px !important;}\u00bb][vc_column][vc_video link=\u00bbhttps:\/\/youtu.be\/2LwhT2LY75E\u00bb][\/vc_column][\/vc_row][vc_row full_width=\u00bbstretch_row\u00bb css=\u00bb.vc_custom_1468835942289{background-color: #ededed !important;}\u00bb][vc_column][vc_row_inner css=\u00bb.vc_custom_1477994337677{padding-top: 20px !important;}\u00bb][vc_column_inner width=\u00bb1\/12&#8243;][\/vc_column_inner][vc_column_inner width=\u00bb5\/6&#8243; css=\u00bb.vc_custom_1477994346486{margin: 0px !important;border-width: 0px !important;padding: 0px !important;}\u00bb][vc_column_text css=\u00bb.vc_custom_1477994362171{margin: 0px !important;border-width: 0px !important;padding: 0px !important;}\u00bb]<\/p>\n<h1 style=\"text-align: center;\">Hitos en la historia de nuestra empresa<\/h1>\n<p>[\/vc_column_text][\/vc_column_inner][vc_column_inner width=\u00bb1\/12&#8243;][\/vc_column_inner][\/vc_row_inner][\/vc_column][\/vc_row][vc_row full_width=\u00bbstretch_row\u00bb css=\u00bb.vc_custom_1475057161282{margin: 0px !important;border-width: 0px !important;padding: 0px !important;background-color: #ededed !important;}\u00bb][vc_column][layerslider_vc id=\u00bb3&#8243;][\/vc_column][\/vc_row]<\/p>\n","protected":false},"excerpt":{"rendered":"<p>[vc_row full_width=\u00bbstretch_row\u00bb css=\u00bb.vc_custom_1477994270737{margin-top: 0px !important;padding-top: 20px !important;background-color: #ededed !important;}\u00bb][vc_column width=\u00bb1\/3&#8243;][\/vc_column][vc_column width=\u00bb1\/3&#8243;][vc_icon type=\u00bbentypo\u00bb icon_entypo=\u00bbentypo-icon entypo-icon-tools\u00bb color=\u00bbcustom\u00bb size=\u00bbxl\u00bb align=\u00bbcenter\u00bb custom_color=\u00bb#2082b1&#8243;][\/vc_column][vc_column width=\u00bb1\/3&#8243;][\/vc_column][\/vc_row][vc_row full_width=\u00bbstretch_row\u00bb css=\u00bb.vc_custom_1477994289763{padding-bottom: 20px !important;background-color: #ededed !important;}\u00bb][vc_column width=\u00bb1\/6&#8243;][\/vc_column][vc_column<span class=\"excerpt-hellip\"> [\u2026]<\/span><\/p>\n","protected":false},"author":1,"featured_media":0,"parent":0,"menu_order":3,"comment_status":"closed","ping_status":"closed","template":"","meta":{"footnotes":""},"class_list":["post-530","page","type-page","status-publish","hentry"],"aioseo_notices":[],"_links":{"self":[{"href":"https:\/\/ebev.de\/es\/wp-json\/wp\/v2\/pages\/530","targetHints":{"allow":["GET"]}}],"collection":[{"href":"https:\/\/ebev.de\/es\/wp-json\/wp\/v2\/pages"}],"about":[{"href":"https:\/\/ebev.de\/es\/wp-json\/wp\/v2\/types\/page"}],"author":[{"embeddable":true,"href":"https:\/\/ebev.de\/es\/wp-json\/wp\/v2\/users\/1"}],"replies":[{"embeddable":true,"href":"https:\/\/ebev.de\/es\/wp-json\/wp\/v2\/comments?post=530"}],"version-history":[{"count":17,"href":"https:\/\/ebev.de\/es\/wp-json\/wp\/v2\/pages\/530\/revisions"}],"predecessor-version":[{"id":729,"href":"https:\/\/ebev.de\/es\/wp-json\/wp\/v2\/pages\/530\/revisions\/729"}],"wp:attachment":[{"href":"https:\/\/ebev.de\/es\/wp-json\/wp\/v2\/media?parent=530"}],"curies":[{"name":"wp","href":"https:\/\/api.w.org\/{rel}","templated":true}]}}