{"id":573,"date":"2016-08-29T15:02:35","date_gmt":"2016-08-29T13:02:35","guid":{"rendered":"http:\/\/klient.engel-helden.de\/ebev\/es\/?page_id=573"},"modified":"2016-11-17T11:24:24","modified_gmt":"2016-11-17T10:24:24","slug":"fabricacion-y-calidad","status":"publish","type":"page","link":"https:\/\/ebev.de\/es\/fabricacion-y-calidad\/","title":{"rendered":"Fabricaci\u00f3n y calidad"},"content":{"rendered":"<p>[vc_row full_width=\u00bbstretch_row\u00bb parallax=\u00bbcontent-moving\u00bb parallax_image=\u00bb178&#8243; parallax_speed_bg=\u00bb1.75&#8243;][vc_column][vc_column_text css=\u00bb.vc_custom_1472475676273{padding-right: 50px !important;padding-left: 50px !important;}\u00bb]<\/p>\n<h3 style=\"text-align: center;\">Nuestros procesos de fabricaci\u00f3n se basan en la amplia experiencia de nuestros expertos as\u00ed como en unos m\u00e9todos de fabricaci\u00f3n innovadores y una gesti\u00f3n de calidad continua.<\/h3>\n<p>[\/vc_column_text][vc_separator color=\u00bbblue\u00bb style=\u00bbdashed\u00bb border_width=\u00bb2&#8243; el_width=\u00bb60&#8243;][vc_row_inner css=\u00bb.vc_custom_1468922306929{margin: 0px !important;border-width: 0px !important;padding: 0px !important;}\u00bb][vc_column_inner width=\u00bb1\/12&#8243; css=\u00bb.vc_custom_1468922745362{margin: 0px !important;border-width: 0px !important;padding: 0px !important;}\u00bb][vc_single_image image=\u00bb279&#8243; img_size=\u00bbfull\u00bb css=\u00bb.vc_custom_1468923611363{margin-top: 0px !important;margin-right: 0px !important;margin-bottom: 0px !important;margin-left: 0px !important;border-top-width: 0px !important;border-right-width: 0px !important;border-bottom-width: 0px !important;border-left-width: 0px !important;padding-top: 0px !important;padding-right: 0px !important;padding-bottom: 0px !important;padding-left: 0px !important;}\u00bb][\/vc_column_inner][vc_column_inner width=\u00bb11\/12&#8243; css=\u00bb.vc_custom_1468922311710{margin: 0px !important;border-width: 0px !important;padding: 0px !important;}\u00bb][vc_column_text css=\u00bb.vc_custom_1472475698889{margin-top: 0px !important;margin-right: 0px !important;margin-bottom: 0px !important;margin-left: 0px !important;border-top-width: 0px !important;border-right-width: 0px !important;border-bottom-width: 0px !important;border-left-width: 0px !important;padding-top: 14px !important;padding-right: 0px !important;padding-bottom: 0px !important;padding-left: 0px !important;}\u00bb]Disponemos de expertos cualificados en los departamentos de ventas, de dise\u00f1o y de fabricaci\u00f3n.[\/vc_column_text][\/vc_column_inner][\/vc_row_inner][vc_row_inner css=\u00bb.vc_custom_1468923139291{margin-top: 0px !important;margin-right: 0px !important;margin-bottom: 0px !important;margin-left: 0px !important;border-top-width: 0px !important;border-right-width: 0px !important;border-bottom-width: 0px !important;border-left-width: 0px !important;padding-top: 0px !important;padding-right: 0px !important;padding-bottom: 0px !important;padding-left: 0px !important;}\u00bb][vc_column_inner width=\u00bb1\/12&#8243; css=\u00bb.vc_custom_1468922745362{margin: 0px !important;border-width: 0px !important;padding: 0px !important;}\u00bb][vc_single_image image=\u00bb293&#8243; img_size=\u00bbfull\u00bb css=\u00bb.vc_custom_1468924533764{margin: 0px !important;border-width: 0px !important;padding: 0px !important;}\u00bb][\/vc_column_inner][vc_column_inner width=\u00bb11\/12&#8243; css=\u00bb.vc_custom_1468922311710{margin: 0px !important;border-width: 0px !important;padding: 0px !important;}\u00bb][vc_column_text css=\u00bb.vc_custom_1472475709024{margin-top: 0px !important;margin-right: 0px !important;margin-bottom: 0px !important;margin-left: 0px !important;border-top-width: 0px !important;border-right-width: 0px !important;border-bottom-width: 0px !important;border-left-width: 0px !important;padding-top: 14px !important;padding-right: 0px !important;padding-bottom: 0px !important;padding-left: 0px !important;}\u00bb]La producci\u00f3n se lleva a cabo en m\u00e1quinas modernas y exclusivamente con material de alta calidad.[\/vc_column_text][\/vc_column_inner][\/vc_row_inner][vc_row_inner css=\u00bb.vc_custom_1468923139291{margin-top: 0px !important;margin-right: 0px !important;margin-bottom: 0px !important;margin-left: 0px !important;border-top-width: 0px !important;border-right-width: 0px !important;border-bottom-width: 0px !important;border-left-width: 0px !important;padding-top: 0px !important;padding-right: 0px !important;padding-bottom: 0px !important;padding-left: 0px !important;}\u00bb][vc_column_inner width=\u00bb1\/12&#8243; css=\u00bb.vc_custom_1468922745362{margin: 0px !important;border-width: 0px !important;padding: 0px !important;}\u00bb][vc_single_image image=\u00bb313&#8243; img_size=\u00bbfull\u00bb css=\u00bb.vc_custom_1468924501825{margin: 0px !important;border-width: 0px !important;padding: 0px !important;}\u00bb][\/vc_column_inner][vc_column_inner width=\u00bb11\/12&#8243; css=\u00bb.vc_custom_1468922311710{margin: 0px !important;border-width: 0px !important;padding: 0px !important;}\u00bb][vc_column_text css=\u00bb.vc_custom_1472475717036{margin-top: 0px !important;margin-right: 0px !important;margin-bottom: 0px !important;margin-left: 0px !important;border-top-width: 0px !important;border-right-width: 0px !important;border-bottom-width: 0px !important;border-left-width: 0px !important;padding-top: 14px !important;padding-right: 0px !important;padding-bottom: 0px !important;padding-left: 0px !important;}\u00bb]Las soluciones a problemas individuales tambi\u00e9n se realizan y se mecanizan cumpliendo las exigencias de calidad m\u00e1s altas.[\/vc_column_text][\/vc_column_inner][\/vc_row_inner][vc_row_inner css=\u00bb.vc_custom_1468923139291{margin-top: 0px !important;margin-right: 0px !important;margin-bottom: 0px !important;margin-left: 0px !important;border-top-width: 0px !important;border-right-width: 0px !important;border-bottom-width: 0px !important;border-left-width: 0px !important;padding-top: 0px !important;padding-right: 0px !important;padding-bottom: 0px !important;padding-left: 0px !important;}\u00bb][vc_column_inner width=\u00bb1\/12&#8243; css=\u00bb.vc_custom_1468922745362{margin: 0px !important;border-width: 0px !important;padding: 0px !important;}\u00bb][vc_single_image image=\u00bb314&#8243; img_size=\u00bbfull\u00bb css=\u00bb.vc_custom_1468924508103{margin: 0px !important;border-width: 0px !important;padding: 0px !important;}\u00bb][\/vc_column_inner][vc_column_inner width=\u00bb11\/12&#8243; css=\u00bb.vc_custom_1468922311710{margin: 0px !important;border-width: 0px !important;padding: 0px !important;}\u00bb][vc_column_text css=\u00bb.vc_custom_1472475728139{margin-top: 0px !important;margin-right: 0px !important;margin-bottom: 0px !important;margin-left: 0px !important;border-top-width: 0px !important;border-right-width: 0px !important;border-bottom-width: 0px !important;border-left-width: 0px !important;padding-top: 14px !important;padding-right: 0px !important;padding-bottom: 0px !important;padding-left: 0px !important;}\u00bb]Siempre seguimos desarrollando productos nuevos y mejorando productos existentes.[\/vc_column_text][\/vc_column_inner][\/vc_row_inner][vc_row_inner css=\u00bb.vc_custom_1468923139291{margin-top: 0px !important;margin-right: 0px !important;margin-bottom: 0px !important;margin-left: 0px !important;border-top-width: 0px !important;border-right-width: 0px !important;border-bottom-width: 0px !important;border-left-width: 0px !important;padding-top: 0px !important;padding-right: 0px !important;padding-bottom: 0px !important;padding-left: 0px !important;}\u00bb][vc_column_inner width=\u00bb1\/12&#8243; css=\u00bb.vc_custom_1468922745362{margin: 0px !important;border-width: 0px !important;padding: 0px !important;}\u00bb][vc_single_image image=\u00bb315&#8243; img_size=\u00bbfull\u00bb css=\u00bb.vc_custom_1468924515831{margin: 0px !important;border-width: 0px !important;padding: 0px !important;}\u00bb][\/vc_column_inner][vc_column_inner width=\u00bb11\/12&#8243; css=\u00bb.vc_custom_1468922311710{margin: 0px !important;border-width: 0px !important;padding: 0px !important;}\u00bb][vc_column_text css=\u00bb.vc_custom_1472475737015{margin-top: 0px !important;margin-right: 0px !important;margin-bottom: 0px !important;margin-left: 0px !important;border-top-width: 0px !important;border-right-width: 0px !important;border-bottom-width: 0px !important;border-left-width: 0px !important;padding-top: 14px !important;padding-right: 0px !important;padding-bottom: 0px !important;padding-left: 0px !important;}\u00bb]Se garantizan unos plazos de entrega cortos en las piezas de recambio y de desgaste mediante un sistema de almacenamiento controlado por ordenador y un programa de gesti\u00f3n de las existencias.[\/vc_column_text][\/vc_column_inner][\/vc_row_inner][vc_row_inner css=\u00bb.vc_custom_1468923139291{margin-top: 0px !important;margin-right: 0px !important;margin-bottom: 0px !important;margin-left: 0px !important;border-top-width: 0px !important;border-right-width: 0px !important;border-bottom-width: 0px !important;border-left-width: 0px !important;padding-top: 0px !important;padding-right: 0px !important;padding-bottom: 0px !important;padding-left: 0px !important;}\u00bb][vc_column_inner width=\u00bb1\/12&#8243; css=\u00bb.vc_custom_1468922745362{margin: 0px !important;border-width: 0px !important;padding: 0px !important;}\u00bb][vc_single_image image=\u00bb316&#8243; img_size=\u00bbfull\u00bb][\/vc_column_inner][vc_column_inner width=\u00bb11\/12&#8243; css=\u00bb.vc_custom_1468922311710{margin: 0px !important;border-width: 0px !important;padding: 0px !important;}\u00bb][vc_column_text css=\u00bb.vc_custom_1472475745420{margin-top: 0px !important;margin-right: 0px !important;margin-bottom: 0px !important;margin-left: 0px !important;border-top-width: 0px !important;border-right-width: 0px !important;border-bottom-width: 0px !important;border-left-width: 0px !important;padding-top: 14px !important;padding-right: 0px !important;padding-bottom: 0px !important;padding-left: 0px !important;}\u00bb]Ofrecemos un asesoramiento comercial, dise\u00f1o, producci\u00f3n y montaje como soluci\u00f3n integral.[\/vc_column_text][\/vc_column_inner][\/vc_row_inner][\/vc_column][\/vc_row]<\/p>\n","protected":false},"excerpt":{"rendered":"<p>[vc_row full_width=\u00bbstretch_row\u00bb parallax=\u00bbcontent-moving\u00bb parallax_image=\u00bb178&#8243; parallax_speed_bg=\u00bb1.75&#8243;][vc_column][vc_column_text css=\u00bb.vc_custom_1472475676273{padding-right: 50px !important;padding-left: 50px !important;}\u00bb] Nuestros procesos de fabricaci\u00f3n se basan en la amplia experiencia de nuestros expertos as\u00ed como en<span class=\"excerpt-hellip\"> [\u2026]<\/span><\/p>\n","protected":false},"author":1,"featured_media":0,"parent":0,"menu_order":5,"comment_status":"closed","ping_status":"closed","template":"","meta":{"footnotes":""},"class_list":["post-573","page","type-page","status-publish","hentry"],"aioseo_notices":[],"_links":{"self":[{"href":"https:\/\/ebev.de\/es\/wp-json\/wp\/v2\/pages\/573","targetHints":{"allow":["GET"]}}],"collection":[{"href":"https:\/\/ebev.de\/es\/wp-json\/wp\/v2\/pages"}],"about":[{"href":"https:\/\/ebev.de\/es\/wp-json\/wp\/v2\/types\/page"}],"author":[{"embeddable":true,"href":"https:\/\/ebev.de\/es\/wp-json\/wp\/v2\/users\/1"}],"replies":[{"embeddable":true,"href":"https:\/\/ebev.de\/es\/wp-json\/wp\/v2\/comments?post=573"}],"version-history":[{"count":1,"href":"https:\/\/ebev.de\/es\/wp-json\/wp\/v2\/pages\/573\/revisions"}],"predecessor-version":[{"id":574,"href":"https:\/\/ebev.de\/es\/wp-json\/wp\/v2\/pages\/573\/revisions\/574"}],"wp:attachment":[{"href":"https:\/\/ebev.de\/es\/wp-json\/wp\/v2\/media?parent=573"}],"curies":[{"name":"wp","href":"https:\/\/api.w.org\/{rel}","templated":true}]}}