{"id":577,"date":"2016-08-29T15:14:52","date_gmt":"2016-08-29T13:14:52","guid":{"rendered":"http:\/\/klient.engel-helden.de\/ebev\/es\/?page_id=577"},"modified":"2016-12-01T08:54:41","modified_gmt":"2016-12-01T07:54:41","slug":"piezas-de-recambio-y-de-desgaste-para-maquinas-pavimentadoras","status":"publish","type":"page","link":"https:\/\/ebev.de\/es\/productos\/piezas-de-recambio-y-de-desgaste-para-maquinas-pavimentadoras\/","title":{"rendered":"Piezas de recambio y de desgaste para m\u00e1quinas pavimentadoras"},"content":{"rendered":"<p>[vc_row bg_type=\u00bbimage\u00bb parallax_style=\u00bbvcpb-default\u00bb bg_image_new=\u00bbid^1011|url^https:\/\/ebev.de\/wp-content\/uploads\/2016\/06\/highlight_blau.png|caption^null|alt^null|title^highlight_blau|description^null\u00bb bg_image_repeat=\u00bbno-repeat\u00bb bg_image_size=\u00bbcontain\u00bb bg_override=\u00bbex-full\u00bb css=\u00bb.vc_custom_1480578877149{margin-top: 70px !important;margin-bottom: 10px !important;}\u00bb el_class=\u00bbbg-blau\u00bb][vc_column width=\u00bb1\/2&#8243; css=\u00bb.vc_custom_1480578608670{margin-top: 70px !important;}\u00bb][vc_column_text]<\/p>\n<h1><span style=\"color: #ffffff;\">PIEZAS DE RECAMBIO Y DE DESGASTE<\/span><br \/>\n<span style=\"color: #ffffff;\">PARA M\u00c1QUINAS PAVIMENTADORAS<\/span><\/h1>\n<p>[\/vc_column_text][vc_row_inner][vc_column_inner][vc_column_text]<span style=\"color: #ffffff;\">La compa\u00f1\u00eda EBEV GmbH &amp; Co. KG es una renombrada empresa, especializada en la producci\u00f3n y venta de piezas de repuesto para m\u00e1quinas pavimentadoras. Casi todos los componentes para la maquinaria se fabrican en su sede en Edewecht, Alemania. Todas las piezas importantes de desgaste est\u00e1n disponibles en los sistemas de almacenamiento de estanter\u00edas elevadas controladas por ordenador para su env\u00edo inmediato, ya sea por v\u00eda a\u00e9rea, mar\u00edtima o terrestre.<\/span><\/p>\n<blockquote style=\"font-size: 22px;\"><p><span style=\"color: #ffffff;\"><strong>Nuestro cat\u00e1logo consta de m\u00e1s de 10.000 piezas de recambio y de desgaste para m\u00e1quinas pavimentadoras.<\/strong><\/span><\/p><\/blockquote>\n<blockquote style=\"font-size: 22px;\"><p><strong><span style=\"color: #ffffff;\">Suministramos piezas individuales y equipos de reparaci\u00f3n. Ejemplos de nuestros productos:<\/span><\/strong><\/p><\/blockquote>\n<p>[\/vc_column_text][\/vc_column_inner][\/vc_row_inner][\/vc_column][vc_column width=\u00bb1\/2&#8243;][vc_single_image image=\u00bb1017&#8243; img_size=\u00bbfull\u00bb][\/vc_column][\/vc_row][vc_row css=\u00bb.vc_custom_1471944926267{margin-bottom: 75px !important;}\u00bb][vc_column width=\u00bb1\/3&#8243; el_class=\u00bbvertical_separator\u00bb css=\u00bb.vc_custom_1471944647376{padding-top: 30px !important;padding-right: 20px !important;padding-left: 20px !important;}\u00bb][vc_single_image image=\u00bb447&#8243; img_size=\u00bbfull\u00bb][vc_column_text]<\/p>\n<p style=\"text-align: center;\">Piezas de desgaste para rejillas<\/p>\n<p>[\/vc_column_text][\/vc_column][vc_column width=\u00bb1\/3&#8243; el_class=\u00bbvertical_separator\u00bb css=\u00bb.vc_custom_1471944655376{padding-top: 30px !important;padding-right: 20px !important;padding-left: 20px !important;}\u00bb][vc_single_image image=\u00bb440&#8243; img_size=\u00bbfull\u00bb][vc_column_text]<\/p>\n<p style=\"text-align: center;\">Chapas para rejillas<\/p>\n<p>[\/vc_column_text][\/vc_column][vc_column width=\u00bb1\/3&#8243; css=\u00bb.vc_custom_1471944660831{padding-top: 30px !important;padding-right: 20px !important;padding-left: 20px !important;}\u00bb][vc_single_image image=\u00bb439&#8243; img_size=\u00bbfull\u00bb][vc_column_text]<\/p>\n<p style=\"text-align: center;\">Accionamientos de rejilla<\/p>\n<p>[\/vc_column_text][\/vc_column][\/vc_row][vc_row css=\u00bb.vc_custom_1471950032160{margin-bottom: 75px !important;}\u00bb][vc_column width=\u00bb1\/3&#8243; el_class=\u00bbvertical_separator\u00bb css=\u00bb.vc_custom_1471944647376{padding-top: 30px !important;padding-right: 20px !important;padding-left: 20px !important;}\u00bb][vc_single_image image=\u00bb431&#8243; img_size=\u00bbfull\u00bb][vc_column_text]<\/p>\n<p style=\"text-align: center;\">Juego de perfiles de cubierta<\/p>\n<p>[\/vc_column_text][\/vc_column][vc_column width=\u00bb1\/3&#8243; el_class=\u00bbvertical_separator\u00bb css=\u00bb.vc_custom_1471944655376{padding-top: 30px !important;padding-right: 20px !important;padding-left: 20px !important;}\u00bb][vc_single_image image=\u00bb446&#8243; img_size=\u00bbfull\u00bb][vc_column_text]<\/p>\n<p style=\"text-align: center;\">Par de rodillos de recirculaci\u00f3n<\/p>\n<p>[\/vc_column_text][\/vc_column][vc_column width=\u00bb1\/3&#8243; css=\u00bb.vc_custom_1471944660831{padding-top: 30px !important;padding-right: 20px !important;padding-left: 20px !important;}\u00bb][vc_single_image image=\u00bb432&#8243; img_size=\u00bbfull\u00bb][vc_column_text]<\/p>\n<p style=\"text-align: center;\">Cadenas de alimentaci\u00f3n por casquillos<br \/>\nde dos m\u00f3dulos<\/p>\n<p>[\/vc_column_text][\/vc_column][\/vc_row][vc_row css=\u00bb.vc_custom_1471950035929{margin-bottom: 75px !important;}\u00bb][vc_column width=\u00bb1\/3&#8243; el_class=\u00bbvertical_separator\u00bb css=\u00bb.vc_custom_1471944647376{padding-top: 30px !important;padding-right: 20px !important;padding-left: 20px !important;}\u00bb][vc_single_image image=\u00bb435&#8243; img_size=\u00bbfull\u00bb][vc_column_text]<\/p>\n<p style=\"text-align: center;\">Pi\u00f1ones para rejillas, etc.<\/p>\n<p>[\/vc_column_text][\/vc_column][vc_column width=\u00bb1\/3&#8243; el_class=\u00bbvertical_separator\u00bb css=\u00bb.vc_custom_1471944655376{padding-top: 30px !important;padding-right: 20px !important;padding-left: 20px !important;}\u00bb][vc_single_image image=\u00bb441&#8243; img_size=\u00bbfull\u00bb][vc_column_text]<\/p>\n<p style=\"text-align: center;\">Cadenas de rodillos<\/p>\n<p>[\/vc_column_text][\/vc_column][vc_column width=\u00bb1\/3&#8243; css=\u00bb.vc_custom_1471944660831{padding-top: 30px !important;padding-right: 20px !important;padding-left: 20px !important;}\u00bb][vc_single_image image=\u00bb443&#8243; img_size=\u00bbfull\u00bb][vc_column_text]<\/p>\n<p style=\"text-align: center;\">Ejes helicoidales, aspas<br \/>\nhelicoidales<\/p>\n<p>[\/vc_column_text][\/vc_column][\/vc_row][vc_row css=\u00bb.vc_custom_1471950041308{margin-bottom: 75px !important;}\u00bb][vc_column width=\u00bb1\/3&#8243; el_class=\u00bbvertical_separator\u00bb css=\u00bb.vc_custom_1471944647376{padding-top: 30px !important;padding-right: 20px !important;padding-left: 20px !important;}\u00bb][vc_single_image image=\u00bb444&#8243; img_size=\u00bbfull\u00bb][vc_column_text]<\/p>\n<p style=\"text-align: center;\">Ejes helicoidales, aspas<br \/>\nhelicoidales<\/p>\n<p>[\/vc_column_text][\/vc_column][vc_column width=\u00bb1\/3&#8243; el_class=\u00bbvertical_separator\u00bb css=\u00bb.vc_custom_1471944655376{padding-top: 30px !important;padding-right: 20px !important;padding-left: 20px !important;}\u00bb][vc_single_image image=\u00bb442&#8243; img_size=\u00bbfull\u00bb][vc_column_text]<\/p>\n<p style=\"text-align: center;\">Ampliaci\u00f3n de helicoidales<\/p>\n<p>[\/vc_column_text][\/vc_column][vc_column width=\u00bb1\/3&#8243; css=\u00bb.vc_custom_1471944660831{padding-top: 30px !important;padding-right: 20px !important;padding-left: 20px !important;}\u00bb][vc_single_image image=\u00bb436&#8243; img_size=\u00bbfull\u00bb][vc_column_text]<\/p>\n<p style=\"text-align: center;\">Soportes para cojinetes<\/p>\n<p>[\/vc_column_text][\/vc_column][\/vc_row][vc_row css=\u00bb.vc_custom_1471950045292{margin-bottom: 75px !important;}\u00bb][vc_column width=\u00bb1\/3&#8243; el_class=\u00bbvertical_separator\u00bb css=\u00bb.vc_custom_1471944647376{padding-top: 30px !important;padding-right: 20px !important;padding-left: 20px !important;}\u00bb][vc_single_image image=\u00bb437&#8243; img_size=\u00bbfull\u00bb][vc_column_text]<\/p>\n<p style=\"text-align: center;\">Tapas de cojinetes, juntas anulares, etc.<\/p>\n<p>[\/vc_column_text][\/vc_column][vc_column width=\u00bb1\/3&#8243; el_class=\u00bbvertical_separator\u00bb css=\u00bb.vc_custom_1471944655376{padding-top: 30px !important;padding-right: 20px !important;padding-left: 20px !important;}\u00bb][vc_single_image image=\u00bb438&#8243; img_size=\u00bbfull\u00bb][vc_column_text]<\/p>\n<p style=\"text-align: center;\">Tapas de cojinetes, juntas anulares, etc.<\/p>\n<p>[\/vc_column_text][\/vc_column][vc_column width=\u00bb1\/3&#8243; css=\u00bb.vc_custom_1471944660831{padding-top: 30px !important;padding-right: 20px !important;padding-left: 20px !important;}\u00bb][vc_single_image image=\u00bb448&#8243; img_size=\u00bbfull\u00bb][vc_column_text]<\/p>\n<p style=\"text-align: center;\">Juegos de piezas de desgaste &#8211; tabl\u00f3n<\/p>\n<p>[\/vc_column_text][\/vc_column][\/vc_row][vc_row css=\u00bb.vc_custom_1471950048810{margin-bottom: 75px !important;}\u00bb][vc_column width=\u00bb1\/3&#8243; el_class=\u00bbvertical_separator\u00bb css=\u00bb.vc_custom_1471944647376{padding-top: 30px !important;padding-right: 20px !important;padding-left: 20px !important;}\u00bb][vc_single_image image=\u00bb802&#8243; img_size=\u00bbfull\u00bb][vc_column_text]<\/p>\n<p style=\"text-align: center;\">Chapas para alisar<\/p>\n<p>[\/vc_column_text][\/vc_column][vc_column width=\u00bb1\/3&#8243; el_class=\u00bbvertical_separator\u00bb css=\u00bb.vc_custom_1471944655376{padding-top: 30px !important;padding-right: 20px !important;padding-left: 20px !important;}\u00bb][vc_single_image image=\u00bb445&#8243; img_size=\u00bbfull\u00bb][vc_column_text]<\/p>\n<p style=\"text-align: center;\">Cuchillos para pisadores,<br \/>\nlistones de desgaste<\/p>\n<p>[\/vc_column_text][\/vc_column][vc_column width=\u00bb1\/3&#8243; css=\u00bb.vc_custom_1471944660831{padding-top: 30px !important;padding-right: 20px !important;padding-left: 20px !important;}\u00bb][vc_single_image image=\u00bb434&#8243; img_size=\u00bbfull\u00bb][vc_column_text]<\/p>\n<p style=\"text-align: center;\">Calentadores de inmersi\u00f3n<\/p>\n<p>[\/vc_column_text][\/vc_column][\/vc_row]<\/p>\n","protected":false},"excerpt":{"rendered":"<p>[vc_row bg_type=\u00bbimage\u00bb parallax_style=\u00bbvcpb-default\u00bb bg_image_new=\u00bbid^1011|url^https:\/\/ebev.de\/wp-content\/uploads\/2016\/06\/highlight_blau.png|caption^null|alt^null|title^highlight_blau|description^null\u00bb bg_image_repeat=\u00bbno-repeat\u00bb bg_image_size=\u00bbcontain\u00bb bg_override=\u00bbex-full\u00bb css=\u00bb.vc_custom_1480578877149{margin-top: 70px !important;margin-bottom: 10px !important;}\u00bb el_class=\u00bbbg-blau\u00bb][vc_column width=\u00bb1\/2&#8243; css=\u00bb.vc_custom_1480578608670{margin-top: 70px !important;}\u00bb][vc_column_text] PIEZAS DE RECAMBIO Y DE DESGASTE PARA M\u00c1QUINAS PAVIMENTADORAS<span class=\"excerpt-hellip\"> [\u2026]<\/span><\/p>\n","protected":false},"author":1,"featured_media":0,"parent":575,"menu_order":0,"comment_status":"closed","ping_status":"closed","template":"","meta":{"footnotes":""},"class_list":["post-577","page","type-page","status-publish","hentry"],"aioseo_notices":[],"_links":{"self":[{"href":"https:\/\/ebev.de\/es\/wp-json\/wp\/v2\/pages\/577","targetHints":{"allow":["GET"]}}],"collection":[{"href":"https:\/\/ebev.de\/es\/wp-json\/wp\/v2\/pages"}],"about":[{"href":"https:\/\/ebev.de\/es\/wp-json\/wp\/v2\/types\/page"}],"author":[{"embeddable":true,"href":"https:\/\/ebev.de\/es\/wp-json\/wp\/v2\/users\/1"}],"replies":[{"embeddable":true,"href":"https:\/\/ebev.de\/es\/wp-json\/wp\/v2\/comments?post=577"}],"version-history":[{"count":17,"href":"https:\/\/ebev.de\/es\/wp-json\/wp\/v2\/pages\/577\/revisions"}],"predecessor-version":[{"id":1033,"href":"https:\/\/ebev.de\/es\/wp-json\/wp\/v2\/pages\/577\/revisions\/1033"}],"up":[{"embeddable":true,"href":"https:\/\/ebev.de\/es\/wp-json\/wp\/v2\/pages\/575"}],"wp:attachment":[{"href":"https:\/\/ebev.de\/es\/wp-json\/wp\/v2\/media?parent=577"}],"curies":[{"name":"wp","href":"https:\/\/api.w.org\/{rel}","templated":true}]}}