{"id":579,"date":"2016-08-29T15:15:31","date_gmt":"2016-08-29T13:15:31","guid":{"rendered":"http:\/\/klient.engel-helden.de\/ebev\/es\/?page_id=579"},"modified":"2019-03-13T06:59:40","modified_gmt":"2019-03-13T05:59:40","slug":"tratamiento-y-mecanizado-de-chapas-de-desgaste-hardox","status":"publish","type":"page","link":"https:\/\/ebev.de\/es\/productos\/tratamiento-y-mecanizado-de-chapas-de-desgaste-hardox\/","title":{"rendered":"Tratamiento y mecanizado de chapas de desgaste HARDOX"},"content":{"rendered":"<p>[vc_row bg_type=\u00bbimage\u00bb parallax_style=\u00bbvcpb-default\u00bb bg_image_new=\u00bbid^1011|url^https:\/\/ebev.de\/wp-content\/uploads\/2016\/06\/highlight_blau.png|caption^null|alt^null|title^highlight_blau|description^null\u00bb bg_image_repeat=\u00bbno-repeat\u00bb bg_image_size=\u00bbcontain\u00bb bg_override=\u00bbex-full\u00bb css=\u00bb.vc_custom_1480579778596{margin-top: 70px !important;margin-bottom: 10px !important;}\u00bb el_class=\u00bbbg-blau\u00bb][vc_column width=\u00bb1\/2&#8243; css=\u00bb.vc_custom_1480579841659{margin-top: 100px !important;}\u00bb][vc_column_text]<\/p>\n<h1><span style=\"color: #ffffff;\">TRATAMIENTO Y MECANIZADO DE CHAPAS DE DESGASTE HARDOX<\/span><\/h1>\n<p>[\/vc_column_text][vc_row_inner][vc_column_inner][vc_column_text]<span style=\"color: #ffffff;\">Nuestra empresa lleva m\u00e1s de 25 a\u00f1os empleando y mecanizando las chapas de desgaste HARDOX. Conocemos bien las caracter\u00edsticas espec\u00edficas de este material por muchos cursos de formaci\u00f3n y por una ampl\u00edsima experiencia personal en el uso y el mecanizado. Por eso tenemos unos conocimientos t\u00e9cnicos muy amplios que ponemos a su disposi\u00f3n.<\/span><\/p>\n<blockquote style=\"font-size: 22px;\"><p><span style=\"color: #ffffff;\"><strong>Piezas de desgaste para diferentes aplicaciones. Unos ejemplos de nuestra gama de productos:<\/strong><\/span><\/p><\/blockquote>\n<p>[\/vc_column_text][\/vc_column_inner][\/vc_row_inner][\/vc_column][vc_column width=\u00bb1\/2&#8243;][vc_single_image image=\u00bb1037&#8243; img_size=\u00bbfull\u00bb][\/vc_column][\/vc_row][vc_row css=\u00bb.vc_custom_1471944926267{margin-bottom: 75px !important;}\u00bb][vc_column width=\u00bb1\/3&#8243; el_class=\u00bbvertical_separator\u00bb css=\u00bb.vc_custom_1471944647376{padding-top: 30px !important;padding-right: 20px !important;padding-left: 20px !important;}\u00bb][vc_single_image image=\u00bb464&#8243; img_size=\u00bbfull\u00bb][\/vc_column][vc_column width=\u00bb1\/3&#8243; el_class=\u00bbvertical_separator\u00bb css=\u00bb.vc_custom_1471944655376{padding-top: 30px !important;padding-right: 20px !important;padding-left: 20px !important;}\u00bb][vc_single_image image=\u00bb465&#8243; img_size=\u00bbfull\u00bb][\/vc_column][vc_column width=\u00bb1\/3&#8243; css=\u00bb.vc_custom_1471944660831{padding-top: 30px !important;padding-right: 20px !important;padding-left: 20px !important;}\u00bb][vc_single_image image=\u00bb986&#8243; img_size=\u00bbfull\u00bb][\/vc_column][\/vc_row][vc_row css=\u00bb.vc_custom_1471950032160{margin-bottom: 75px !important;}\u00bb][vc_column width=\u00bb1\/3&#8243; el_class=\u00bbvertical_separator\u00bb css=\u00bb.vc_custom_1471944647376{padding-top: 30px !important;padding-right: 20px !important;padding-left: 20px !important;}\u00bb][vc_single_image image=\u00bb467&#8243; img_size=\u00bbfull\u00bb][\/vc_column][vc_column width=\u00bb1\/3&#8243; el_class=\u00bbvertical_separator\u00bb css=\u00bb.vc_custom_1471944655376{padding-top: 30px !important;padding-right: 20px !important;padding-left: 20px !important;}\u00bb][vc_single_image image=\u00bb468&#8243; img_size=\u00bbfull\u00bb][\/vc_column][vc_column width=\u00bb1\/3&#8243; css=\u00bb.vc_custom_1471944660831{padding-top: 30px !important;padding-right: 20px !important;padding-left: 20px !important;}\u00bb][vc_single_image image=\u00bb469&#8243; img_size=\u00bbfull\u00bb][\/vc_column][\/vc_row][vc_row css=\u00bb.vc_custom_1471950035929{margin-bottom: 75px !important;}\u00bb][vc_column width=\u00bb1\/3&#8243; el_class=\u00bbvertical_separator\u00bb css=\u00bb.vc_custom_1471944647376{padding-top: 30px !important;padding-right: 20px !important;padding-left: 20px !important;}\u00bb][vc_single_image image=\u00bb1135&#8243; img_size=\u00bbfull\u00bb][\/vc_column][vc_column width=\u00bb1\/3&#8243; el_class=\u00bbvertical_separator\u00bb css=\u00bb.vc_custom_1471944655376{padding-top: 30px !important;padding-right: 20px !important;padding-left: 20px !important;}\u00bb][vc_single_image image=\u00bb471&#8243; img_size=\u00bbfull\u00bb][\/vc_column][vc_column width=\u00bb1\/3&#8243; css=\u00bb.vc_custom_1471944660831{padding-top: 30px !important;padding-right: 20px !important;padding-left: 20px !important;}\u00bb][vc_single_image image=\u00bb1136&#8243; img_size=\u00bbfull\u00bb][\/vc_column][\/vc_row][vc_row css=\u00bb.vc_custom_1471950035929{margin-bottom: 75px !important;}\u00bb][vc_column width=\u00bb1\/3&#8243; el_class=\u00bbvertical_separator\u00bb css=\u00bb.vc_custom_1471944647376{padding-top: 30px !important;padding-right: 20px !important;padding-left: 20px !important;}\u00bb][vc_single_image image=\u00bb1137&#8243; img_size=\u00bbfull\u00bb][\/vc_column][vc_column width=\u00bb1\/3&#8243; el_class=\u00bbvertical_separator\u00bb css=\u00bb.vc_custom_1471944655376{padding-top: 30px !important;padding-right: 20px !important;padding-left: 20px !important;}\u00bb][vc_single_image image=\u00bb1138&#8243; img_size=\u00bbfull\u00bb][\/vc_column][vc_column width=\u00bb1\/3&#8243; css=\u00bb.vc_custom_1471944660831{padding-top: 30px !important;padding-right: 20px !important;padding-left: 20px !important;}\u00bb][vc_single_image image=\u00bb1139&#8243; img_size=\u00bbfull\u00bb][\/vc_column][\/vc_row][vc_row css=\u00bb.vc_custom_1471950041308{margin-bottom: 75px !important;}\u00bb][vc_column width=\u00bb1\/3&#8243; el_class=\u00bbvertical_separator\u00bb css=\u00bb.vc_custom_1471944647376{padding-top: 30px !important;padding-right: 20px !important;padding-left: 20px !important;}\u00bb][vc_single_image image=\u00bb473&#8243; img_size=\u00bbfull\u00bb][\/vc_column][vc_column width=\u00bb1\/3&#8243; el_class=\u00bbvertical_separator\u00bb css=\u00bb.vc_custom_1471944655376{padding-top: 30px !important;padding-right: 20px !important;padding-left: 20px !important;}\u00bb][vc_single_image image=\u00bb474&#8243; img_size=\u00bbfull\u00bb][\/vc_column][vc_column width=\u00bb1\/3&#8243; css=\u00bb.vc_custom_1471944660831{padding-top: 30px !important;padding-right: 20px !important;padding-left: 20px !important;}\u00bb][vc_single_image image=\u00bb475&#8243; img_size=\u00bbfull\u00bb][\/vc_column][\/vc_row][vc_row css=\u00bb.vc_custom_1471950045292{margin-bottom: 75px !important;}\u00bb][vc_column width=\u00bb1\/3&#8243; el_class=\u00bbvertical_separator\u00bb css=\u00bb.vc_custom_1471944647376{padding-top: 30px !important;padding-right: 20px !important;padding-left: 20px !important;}\u00bb][vc_single_image image=\u00bb476&#8243; img_size=\u00bbfull\u00bb][\/vc_column][vc_column width=\u00bb1\/3&#8243; el_class=\u00bbvertical_separator\u00bb css=\u00bb.vc_custom_1471944655376{padding-top: 30px !important;padding-right: 20px !important;padding-left: 20px !important;}\u00bb][vc_single_image image=\u00bb477&#8243; img_size=\u00bbfull\u00bb][\/vc_column][vc_column width=\u00bb1\/3&#8243; css=\u00bb.vc_custom_1471944660831{padding-top: 30px !important;padding-right: 20px !important;padding-left: 20px !important;}\u00bb][vc_single_image image=\u00bb478&#8243; img_size=\u00bbfull\u00bb][\/vc_column][\/vc_row][vc_row css=\u00bb.vc_custom_1471950048810{margin-bottom: 75px !important;}\u00bb][vc_column width=\u00bb1\/3&#8243; el_class=\u00bbvertical_separator\u00bb css=\u00bb.vc_custom_1471944647376{padding-top: 30px !important;padding-right: 20px !important;padding-left: 20px !important;}\u00bb][vc_single_image image=\u00bb479&#8243; img_size=\u00bbfull\u00bb][\/vc_column][vc_column width=\u00bb1\/3&#8243; el_class=\u00bbvertical_separator\u00bb css=\u00bb.vc_custom_1471944655376{padding-top: 30px !important;padding-right: 20px !important;padding-left: 20px !important;}\u00bb][vc_single_image image=\u00bb480&#8243; img_size=\u00bbfull\u00bb][\/vc_column][vc_column width=\u00bb1\/3&#8243; css=\u00bb.vc_custom_1471944660831{padding-top: 30px !important;padding-right: 20px !important;padding-left: 20px !important;}\u00bb][vc_single_image image=\u00bb481&#8243; img_size=\u00bbfull\u00bb][\/vc_column][\/vc_row][vc_row css=\u00bb.vc_custom_1471950048810{margin-bottom: 75px !important;}\u00bb][vc_column width=\u00bb2\/3&#8243; el_class=\u00bbvertical_separator\u00bb css=\u00bb.vc_custom_1480579823185{padding-top: 30px !important;}\u00bb][vc_single_image image=\u00bb980&#8243; img_size=\u00bbfull\u00bb][\/vc_column][vc_column width=\u00bb1\/3&#8243; css=\u00bb.vc_custom_1480579815883{padding-top: 30px !important;}\u00bb][vc_single_image image=\u00bb984&#8243; img_size=\u00bbfull\u00bb][\/vc_column][\/vc_row][vc_row][vc_column][vc_empty_space height=\u00bb15px\u00bb][vc_separator color=\u00bbcustom\u00bb style=\u00bbdashed\u00bb el_width=\u00bb60&#8243; accent_color=\u00bb#9facb4&#8243;][\/vc_column][\/vc_row][vc_row css=\u00bb.vc_custom_1471962421093{margin-top: 70px !important;margin-bottom: 0px !important;}\u00bb][vc_column width=\u00bb1\/2&#8243; css=\u00bb.vc_custom_1468933251555{margin-top: 30px !important;}\u00bb][vc_column_text]<\/p>\n<h1>SERVICIO PARA PIEZAS DE DESGASTE &#8211; SANEAMIENTO Y ARREGLOS DE ACCESORIOS<br \/>\nY EQUIPAMIENTOS PARA M\u00c1QUINAS DE CONSTRUCCI\u00d3N.<\/h1>\n<p>[\/vc_column_text][vc_row_inner][vc_column_inner][vc_column_text]<\/p>\n<p class=\"p1\"><span class=\"s1\">Arreglamos las piezas de desgaste para las instalaciones m\u00e1s diversas <\/span><span class=\"s1\">seg\u00fan el deseo del cliente.\u00a0<\/span><span class=\"s1\">El saneamiento de los equipamientos incluye el desmontaje de los <\/span><span class=\"s1\">componentes desgastados, y la producci\u00f3n y el montaje de componentes <\/span><span class=\"s1\">nuevos.\u00a0<\/span><span class=\"s1\">Nuestros talleres <\/span><span class=\"s1\">renuevan sus m\u00e1quinas utilizando unos aceros especialmente resistentes <\/span><span class=\"s1\">al desgaste.<\/span><\/p>\n<p>[\/vc_column_text][\/vc_column_inner][\/vc_row_inner][\/vc_column][vc_column width=\u00bb1\/2&#8243; css=\u00bb.vc_custom_1478779808092{padding: 30px !important;}\u00bb]<div class=\"cqcarousel-container \" data-slidestoshow=\"1\" data-thumbstoshow=\"7\" data-dots=\"no\" data-arrows=\"yes\" data-isgallery=\"\" data-largeimagearrows=\"yes\" data-autoplay=\"yes\" data-autoplayspeed=\"4000\" data-containerwidth=\"\" data-containermaxwidth=\"\" data-imgnum=\"5\" data-bottomversion=\"\" data-dotbottom=\"\" data-lightboxmode=\"prettyphoto\"><div class=\"carousel-thumb \"><div title=\"\"><a href=\"https:\/\/ebev.de\/wp-content\/uploads\/2016\/06\/verschleissservice1.jpg\" class=\"cqcarousel-item\" data-rel=\"prettyPhoto[rel-579-1862171232]\" rel=\"prettyPhoto[rel-579-1862171232]\"><img decoding=\"async\" src=\"https:\/\/ebev.de\/wp-content\/uploads\/2016\/06\/verschleissservice1.jpg\" alt=\"\" title=\"verschleissservice1\" \/><\/a><\/div><div title=\"\"><a href=\"https:\/\/ebev.de\/wp-content\/uploads\/2016\/06\/verschleissservice2.jpg\" class=\"cqcarousel-item\" data-rel=\"prettyPhoto[rel-579-1862171232]\" rel=\"prettyPhoto[rel-579-1862171232]\"><img decoding=\"async\" src=\"https:\/\/ebev.de\/wp-content\/uploads\/2016\/06\/verschleissservice2.jpg\" alt=\"\" title=\"verschleissservice2\" \/><\/a><\/div><div title=\"\"><a href=\"https:\/\/ebev.de\/wp-content\/uploads\/2016\/06\/verschleissservice3.jpg\" class=\"cqcarousel-item\" data-rel=\"prettyPhoto[rel-579-1862171232]\" rel=\"prettyPhoto[rel-579-1862171232]\"><img decoding=\"async\" src=\"https:\/\/ebev.de\/wp-content\/uploads\/2016\/06\/verschleissservice3.jpg\" alt=\"\" title=\"verschleissservice3\" \/><\/a><\/div><div title=\"\"><a href=\"https:\/\/ebev.de\/wp-content\/uploads\/2016\/06\/verschleissservice4.jpg\" class=\"cqcarousel-item\" data-rel=\"prettyPhoto[rel-579-1862171232]\" rel=\"prettyPhoto[rel-579-1862171232]\"><img decoding=\"async\" src=\"https:\/\/ebev.de\/wp-content\/uploads\/2016\/06\/verschleissservice4.jpg\" alt=\"\" title=\"verschleissservice4\" \/><\/a><\/div><div title=\"\"><a href=\"https:\/\/ebev.de\/wp-content\/uploads\/2016\/06\/verschleissservice5.jpg\" class=\"cqcarousel-item\" data-rel=\"prettyPhoto[rel-579-1862171232]\" rel=\"prettyPhoto[rel-579-1862171232]\"><img decoding=\"async\" src=\"https:\/\/ebev.de\/wp-content\/uploads\/2016\/06\/verschleissservice5.jpg\" alt=\"\" title=\"verschleissservice5\" \/><\/a><\/div><\/div><\/div>[\/vc_column][\/vc_row]<\/p>\n","protected":false},"excerpt":{"rendered":"<p>[vc_row bg_type=\u00bbimage\u00bb parallax_style=\u00bbvcpb-default\u00bb bg_image_new=\u00bbid^1011|url^https:\/\/ebev.de\/wp-content\/uploads\/2016\/06\/highlight_blau.png|caption^null|alt^null|title^highlight_blau|description^null\u00bb bg_image_repeat=\u00bbno-repeat\u00bb bg_image_size=\u00bbcontain\u00bb bg_override=\u00bbex-full\u00bb css=\u00bb.vc_custom_1480579778596{margin-top: 70px !important;margin-bottom: 10px !important;}\u00bb el_class=\u00bbbg-blau\u00bb][vc_column width=\u00bb1\/2&#8243; css=\u00bb.vc_custom_1480579841659{margin-top: 100px !important;}\u00bb][vc_column_text] TRATAMIENTO Y MECANIZADO DE CHAPAS DE DESGASTE HARDOX [\/vc_column_text][vc_row_inner][vc_column_inner][vc_column_text]Nuestra<span class=\"excerpt-hellip\"> [\u2026]<\/span><\/p>\n","protected":false},"author":1,"featured_media":0,"parent":575,"menu_order":1,"comment_status":"closed","ping_status":"closed","template":"","meta":{"footnotes":""},"class_list":["post-579","page","type-page","status-publish","hentry"],"aioseo_notices":[],"_links":{"self":[{"href":"https:\/\/ebev.de\/es\/wp-json\/wp\/v2\/pages\/579","targetHints":{"allow":["GET"]}}],"collection":[{"href":"https:\/\/ebev.de\/es\/wp-json\/wp\/v2\/pages"}],"about":[{"href":"https:\/\/ebev.de\/es\/wp-json\/wp\/v2\/types\/page"}],"author":[{"embeddable":true,"href":"https:\/\/ebev.de\/es\/wp-json\/wp\/v2\/users\/1"}],"replies":[{"embeddable":true,"href":"https:\/\/ebev.de\/es\/wp-json\/wp\/v2\/comments?post=579"}],"version-history":[{"count":17,"href":"https:\/\/ebev.de\/es\/wp-json\/wp\/v2\/pages\/579\/revisions"}],"predecessor-version":[{"id":1142,"href":"https:\/\/ebev.de\/es\/wp-json\/wp\/v2\/pages\/579\/revisions\/1142"}],"up":[{"embeddable":true,"href":"https:\/\/ebev.de\/es\/wp-json\/wp\/v2\/pages\/575"}],"wp:attachment":[{"href":"https:\/\/ebev.de\/es\/wp-json\/wp\/v2\/media?parent=579"}],"curies":[{"name":"wp","href":"https:\/\/api.w.org\/{rel}","templated":true}]}}