{"id":1794,"date":"2015-06-25T08:33:17","date_gmt":"2015-06-25T08:33:17","guid":{"rendered":"https:\/\/ebev.de\/home\/"},"modified":"2025-01-06T09:12:14","modified_gmt":"2025-01-06T08:12:14","slug":"home","status":"publish","type":"page","link":"https:\/\/ebev.de\/pt-pt\/","title":{"rendered":"P\u00e1gina Inicial"},"content":{"rendered":"<p>[vc_row][vc_column][vc_wp_text]<\/p>\n<p style=\"text-align: center;\"><a href=\"https:\/\/exhibitors.bauma.de\/company\/1380023\" target=\"_blank\" rel=\"noopener\"><img loading=\"lazy\" decoding=\"async\" src=\"https:\/\/pbanner-aws.nfm-mediashop.de\/img\/banners\/edff5f09a3cf6ffb_1925_A6_300_en.png\" width=\"728\" height=\"90\" border=\"0\" title=\"\" alt=\"\" \/><\/a><\/p>\n<p>[\/vc_wp_text][\/vc_column][\/vc_row][vc_row css=&#8221;.vc_custom_1478012245759{margin-top: 70px !important;}&#8221;][vc_column][vc_column_text]<\/p>\n<h1 style=\"text-align: center;\">PRODUTOS DE QUALIDADE COMPROVADA<\/h1>\n<p>[\/vc_column_text][vc_row_inner][vc_column_inner width=&#8221;1\/2&#8243; css=&#8221;.vc_custom_1471857446186{background-position: 0 0 !important;background-repeat: no-repeat !important;}&#8221;][vc_single_image image=&#8221;381&#8243; img_size=&#8221;full&#8221; alignment=&#8221;center&#8221; css=&#8221;.vc_custom_1471857170057{margin-bottom: 0px !important;padding-bottom: 0px !important;}&#8221;][vc_column_text css=&#8221;.vc_custom_1652684649851{margin-bottom: 10px !important;padding-right: 50px !important;padding-left: 50px !important;}&#8221;]<\/p>\n<h2 style=\"text-align: center;\">PE\u00c7AS REPOSI\u00c7\u00c3O E DE DESGASTE PARA M\u00c1QUINAS DE PAVIMENTA\u00c7\u00c3O RODOVI\u00c1RIA<\/h2>\n<p>[\/vc_column_text][vc_column_text css=&#8221;.vc_custom_1652684832680{padding-right: 130px !important;padding-left: 130px !important;}&#8221;]<\/p>\n<p style=\"text-align: center;\">Desde 1981 produzimos pe\u00e7as de reposi\u00e7\u00e3o e de desgaste para m\u00e1quinas de pavimenta\u00e7\u00e3o rodovi\u00e1rias na sede da nossa empresa em Edewecht (Alemanha), e comercializamos as mesmas a n\u00edvel mundial.<\/p>\n<p>[\/vc_column_text][vc_btn title=&#8221;Mais informa\u00e7\u00e3o&#8221; align=&#8221;center&#8221; i_icon_fontawesome=&#8221;fa fa-info-circle&#8221; add_icon=&#8221;true&#8221; link=&#8221;url:https%3A%2F%2Febev.de%2Fprodukte%2Fersatz-und-verschleissteile-fuer-strassenfertiger%2F|title:Ersatz-%20und%20Verschlei%C3%9Fteile%20f%C3%BCr%20Stra%C3%9Fenfertiger||&#8221;][\/vc_column_inner][vc_column_inner width=&#8221;1\/2&#8243; css=&#8221;.vc_custom_1471857474706{padding-top: 35px !important;}&#8221;][vc_single_image image=&#8221;382&#8243; img_size=&#8221;full&#8221; alignment=&#8221;center&#8221; css=&#8221;.vc_custom_1471857308277{margin-bottom: 0px !important;padding-bottom: 0px !important;}&#8221;][vc_column_text css=&#8221;.vc_custom_1652684872328{margin-bottom: 10px !important;padding-right: 50px !important;padding-left: 50px !important;}&#8221;]<\/p>\n<h2 style=\"text-align: center;\">PE\u00c7AS DE DESGASTE PARA DIVERSAS APLICA\u00c7\u00d5ES<\/h2>\n<p>[\/vc_column_text][vc_column_text css=&#8221;.vc_custom_1652684909153{padding-right: 130px !important;padding-left: 130px !important;}&#8221;]<\/p>\n<p style=\"text-align: center;\">Concentramo-nos na produ\u00e7\u00e3o de uma ampla variedade de componentes para utiliza\u00e7\u00f5es, especificamente, de alto desgaste.<\/p>\n<p>[\/vc_column_text][vc_btn title=&#8221;Mais informa\u00e7\u00e3o&#8221; align=&#8221;center&#8221; i_icon_fontawesome=&#8221;fa fa-info-circle&#8221; add_icon=&#8221;true&#8221; link=&#8221;url:https%3A%2F%2Febev.de%2Fprodukte%2Fbe-und-verarbeitung-von-hardox-verschleissblechen%2F|title:Be-%20und%20Verarbeitung%20von%20HARDOX%20Verschlei%C3%9Fblechen||&#8221;][\/vc_column_inner][\/vc_row_inner][\/vc_column][\/vc_row][vc_row full_width=&#8221;stretch_row_content_no_spaces&#8221; content_placement=&#8221;bottom&#8221; parallax=&#8221;content-moving-fade&#8221; bg_type=&#8221;image&#8221; parallax_style=&#8221;vcpb-vz-jquery&#8221; bg_image_new=&#8221;id^857|url^https:\/\/ebev.de\/wp-content\/uploads\/2016\/06\/fraesen_6.jpg|caption^null|alt^null|title^fraesen_6|description^null&#8221; bg_image_repeat=&#8221;no-repeat&#8221; bg_img_attach=&#8221;fixed&#8221; enable_overlay=&#8221;enable_overlay_value&#8221; overlay_color=&#8221;rgba(221,51,51,0.8)&#8221; css=&#8221;.vc_custom_1479376314987{padding-top: 130px !important;padding-bottom: 130px !important;background-position: center;background-repeat: no-repeat !important;background-size: cover !important;}&#8221;][vc_column][vc_column_text]<\/p>\n<h1 style=\"color: #ffffff; text-align: center;\">PARA OS MAIS ALTOS PADR\u00d5ES DE QUALIDADE<\/h1>\n<p>[\/vc_column_text][\/vc_column][\/vc_row][vc_row css=&#8221;.vc_custom_1471857525269{margin-top: 70px !important;margin-bottom: 30px !important;}&#8221;][vc_column width=&#8221;1\/2&#8243; css=&#8221;.vc_custom_1468933251555{margin-top: 30px !important;}&#8221;][vc_column_text]<\/p>\n<h1>USINAGEM E PROCESSAMENTO DE PLACAS MET\u00c1LICAS<\/h1>\n<p>[\/vc_column_text][vc_column_text]<\/p>\n<h5>Atividades principais<\/h5>\n<p>[\/vc_column_text][vc_row_inner][vc_column_inner width=&#8221;1\/2&#8243;][vc_column_text]Corte por chama, Soldagem, Dobragem, Rolagem, Torneamento, Fresagem, Rosqueamento, Fura\u00e7\u00e3o profunda e Lixamento.[\/vc_column_text][\/vc_column_inner][vc_column_inner width=&#8221;1\/2&#8243;][vc_column_text]Como parceiro certificado da HARDOX Wearparts, somos o seu primeiro ponto de contacto para produtos e servi\u00e7os de desgaste.[\/vc_column_text][\/vc_column_inner][\/vc_row_inner][vc_btn title=&#8221;Ver v\u00eddeo&#8221; color=&#8221;primary&#8221; i_icon_fontawesome=&#8221;fa fa-play-circle-o&#8221; add_icon=&#8221;true&#8221; link=&#8221;url:https%3A%2F%2Febev.de%2Funternehmen%2F|||&#8221;][\/vc_column][vc_column width=&#8221;1\/2&#8243;][vc_single_image image=&#8221;376&#8243; img_size=&#8221;full&#8221;][\/vc_column][\/vc_row][vc_row][vc_column][vc_column_text]<\/p>\n<p>[\/vc_column_text][\/vc_column][\/vc_row]<\/p>\n","protected":false},"excerpt":{"rendered":"<p>[vc_row][vc_column][vc_wp_text] [\/vc_wp_text][\/vc_column][\/vc_row][vc_row css=&#8221;.vc_custom_1478012245759{margin-top: 70px !important;}&#8221;][vc_column][vc_column_text] PRODUTOS DE QUALIDADE COMPROVADA [\/vc_column_text][vc_row_inner][vc_column_inner width=&#8221;1\/2&#8243; css=&#8221;.vc_custom_1471857446186{background-position: 0 0 !important;background-repeat: no-repeat !important;}&#8221;][vc_single_image image=&#8221;381&#8243; img_size=&#8221;full&#8221; alignment=&#8221;center&#8221; css=&#8221;.vc_custom_1471857170057{margin-bottom: 0px !important;padding-bottom: 0px !important;}&#8221;][vc_column_text css=&#8221;.vc_custom_1652684649851{margin-bottom:<span class=\"excerpt-hellip\"> [\u2026]<\/span><\/p>\n","protected":false},"author":1,"featured_media":0,"parent":0,"menu_order":0,"comment_status":"open","ping_status":"open","template":"","meta":{"footnotes":""},"class_list":["post-1794","page","type-page","status-publish","hentry"],"aioseo_notices":[],"_links":{"self":[{"href":"https:\/\/ebev.de\/pt-pt\/wp-json\/wp\/v2\/pages\/1794","targetHints":{"allow":["GET"]}}],"collection":[{"href":"https:\/\/ebev.de\/pt-pt\/wp-json\/wp\/v2\/pages"}],"about":[{"href":"https:\/\/ebev.de\/pt-pt\/wp-json\/wp\/v2\/types\/page"}],"author":[{"embeddable":true,"href":"https:\/\/ebev.de\/pt-pt\/wp-json\/wp\/v2\/users\/1"}],"replies":[{"embeddable":true,"href":"https:\/\/ebev.de\/pt-pt\/wp-json\/wp\/v2\/comments?post=1794"}],"version-history":[{"count":7,"href":"https:\/\/ebev.de\/pt-pt\/wp-json\/wp\/v2\/pages\/1794\/revisions"}],"predecessor-version":[{"id":2383,"href":"https:\/\/ebev.de\/pt-pt\/wp-json\/wp\/v2\/pages\/1794\/revisions\/2383"}],"wp:attachment":[{"href":"https:\/\/ebev.de\/pt-pt\/wp-json\/wp\/v2\/media?parent=1794"}],"curies":[{"name":"wp","href":"https:\/\/api.w.org\/{rel}","templated":true}]}}