{"id":2117,"date":"2016-06-30T08:37:37","date_gmt":"2016-06-30T06:37:37","guid":{"rendered":"https:\/\/ebev.de\/unternehmen\/"},"modified":"2022-05-16T10:49:03","modified_gmt":"2022-05-16T08:49:03","slug":"empresa","status":"publish","type":"page","link":"https:\/\/ebev.de\/pt-pt\/empresa\/","title":{"rendered":"Empresa"},"content":{"rendered":"<p>[vc_row full_width=&#8221;stretch_row&#8221; css=&#8221;.vc_custom_1467640899451{margin-top: 0px !important;background-color: #ededed !important;}&#8221;][vc_column width=&#8221;1\/3&#8243;][\/vc_column][vc_column width=&#8221;1\/3&#8243;][vc_icon type=&#8221;entypo&#8221; icon_entypo=&#8221;entypo-icon entypo-icon-tools&#8221; color=&#8221;custom&#8221; size=&#8221;xl&#8221; align=&#8221;center&#8221; custom_color=&#8221;#2082b1&#8243;][\/vc_column][vc_column width=&#8221;1\/3&#8243;][\/vc_column][\/vc_row][vc_row full_width=&#8221;stretch_row&#8221; css=&#8221;.vc_custom_1467640879415{background-color: #ededed !important;}&#8221;][vc_column width=&#8221;1\/6&#8243;][\/vc_column][vc_column width=&#8221;2\/3&#8243;][vc_column_text]<\/p>\n<h1 style=\"text-align: center;\">A FILOSOFIA DA NOSSA EMPRESA \u00c9 DEFINIDA PELA QUALIDADE, FLEXIBILIDADE, CONFIABILIDADE E PELO RELACIONAMENTO PESSOAL COM OS CLIENTES<\/h1>\n<p>[\/vc_column_text][vc_column_text]<\/p>\n<p style=\"text-align: center;\">Atrav\u00e9s do uso de materiais de alta qualidade e do uso de tecnologia computacional, os produtos criados pela EBEV refletem padr\u00f5es elevados de qualidade. O moderno sistema de gest\u00e3o de mercadorias permite-nos ter uma perce\u00e7\u00e3o constante dos n\u00edveis de stock e dos processos inerentes \u00e0 produ\u00e7\u00e3o. Desta forma, o processamento completo de cada pedido, desde o pedido do cliente at\u00e9 \u00e0 entrega final, pode ser conclu\u00eddo de forma r\u00e1pida e segura. Atrav\u00e9s da nossa capacidade de flexibilidade, \u00e9 nos permitida a incorpora\u00e7\u00e3o a curto prazo dos requisitos dos clientes.<\/p>\n<p style=\"text-align: center;\">Especialistas qualificados na \u00e1rea comercial, bem como nas \u00e1reas construtiva e produtiva oferecem um atendimento profissional ao cliente. Devido \u00e0 elevada experi\u00eancia da EBEV GmbH &amp; Co.KG, podem ser implementadas solu\u00e7\u00f5es individuais ou complexas, de forma confi\u00e1vel.<\/p>\n<p style=\"text-align: center;\">O contacto com os utilizadores, em qualquer pa\u00eds, ocorre v\u00e1rias vezes ao ano, por meio de visitas pessoais dos trabalhadores da EBEV \u00e0s respetivas \u00e1reas operacionais de cada cliente. Durante estas visitas s\u00e3o trocados requisitos e conhecimento que visam auxiliar na otimiza\u00e7\u00e3o de todos os produtos EBEV, demonstrando assim, a sua qualidade comprovada em cada utiliza\u00e7\u00e3o.<\/p>\n<p>[\/vc_column_text][\/vc_column][vc_column width=&#8221;1\/6&#8243;][\/vc_column][\/vc_row][vc_row css=&#8221;.vc_custom_1477989883457{padding-top: 40px !important;padding-bottom: 20px !important;}&#8221;][vc_column][vc_video link=&#8221;https:\/\/youtu.be\/ud6D1qY30Uc&#8221;][\/vc_column][\/vc_row][vc_row full_width=&#8221;stretch_row&#8221; css=&#8221;.vc_custom_1468835942289{background-color: #ededed !important;}&#8221;][vc_column][vc_row_inner css=&#8221;.vc_custom_1477989909466{padding-top: 30px !important;}&#8221;][vc_column_inner width=&#8221;1\/12&#8243;][\/vc_column_inner][vc_column_inner width=&#8221;5\/6&#8243;][vc_column_text css=&#8221;.vc_custom_1652688533704{margin-top: 0px !important;margin-right: 0px !important;margin-bottom: 0px !important;margin-left: 0px !important;border-top-width: 0px !important;border-right-width: 0px !important;border-bottom-width: 0px !important;border-left-width: 0px !important;padding-top: 0px !important;padding-right: 0px !important;padding-bottom: 0px !important;padding-left: 0px !important;}&#8221;]<\/p>\n<h1 style=\"text-align: center;\">MARCOS NA HIST\u00d3RIA DA NOSSA EMPRESA<\/h1>\n<p>[\/vc_column_text][\/vc_column_inner][vc_column_inner width=&#8221;1\/12&#8243;][\/vc_column_inner][\/vc_row_inner][layerslider_vc id=&#8221;5&#8243;][\/vc_column][\/vc_row]<\/p>\n","protected":false},"excerpt":{"rendered":"<p>[vc_row full_width=&#8221;stretch_row&#8221; css=&#8221;.vc_custom_1467640899451{margin-top: 0px !important;background-color: #ededed !important;}&#8221;][vc_column width=&#8221;1\/3&#8243;][\/vc_column][vc_column width=&#8221;1\/3&#8243;][vc_icon type=&#8221;entypo&#8221; icon_entypo=&#8221;entypo-icon entypo-icon-tools&#8221; color=&#8221;custom&#8221; size=&#8221;xl&#8221; align=&#8221;center&#8221; custom_color=&#8221;#2082b1&#8243;][\/vc_column][vc_column width=&#8221;1\/3&#8243;][\/vc_column][\/vc_row][vc_row full_width=&#8221;stretch_row&#8221; css=&#8221;.vc_custom_1467640879415{background-color: #ededed !important;}&#8221;][vc_column width=&#8221;1\/6&#8243;][\/vc_column][vc_column width=&#8221;2\/3&#8243;][vc_column_text] A FILOSOFIA DA<span class=\"excerpt-hellip\"> [\u2026]<\/span><\/p>\n","protected":false},"author":1,"featured_media":0,"parent":0,"menu_order":3,"comment_status":"closed","ping_status":"closed","template":"","meta":{"footnotes":""},"class_list":["post-2117","page","type-page","status-publish","hentry"],"aioseo_notices":[],"_links":{"self":[{"href":"https:\/\/ebev.de\/pt-pt\/wp-json\/wp\/v2\/pages\/2117","targetHints":{"allow":["GET"]}}],"collection":[{"href":"https:\/\/ebev.de\/pt-pt\/wp-json\/wp\/v2\/pages"}],"about":[{"href":"https:\/\/ebev.de\/pt-pt\/wp-json\/wp\/v2\/types\/page"}],"author":[{"embeddable":true,"href":"https:\/\/ebev.de\/pt-pt\/wp-json\/wp\/v2\/users\/1"}],"replies":[{"embeddable":true,"href":"https:\/\/ebev.de\/pt-pt\/wp-json\/wp\/v2\/comments?post=2117"}],"version-history":[{"count":3,"href":"https:\/\/ebev.de\/pt-pt\/wp-json\/wp\/v2\/pages\/2117\/revisions"}],"predecessor-version":[{"id":2120,"href":"https:\/\/ebev.de\/pt-pt\/wp-json\/wp\/v2\/pages\/2117\/revisions\/2120"}],"wp:attachment":[{"href":"https:\/\/ebev.de\/pt-pt\/wp-json\/wp\/v2\/media?parent=2117"}],"curies":[{"name":"wp","href":"https:\/\/api.w.org\/{rel}","templated":true}]}}