{"id":2122,"date":"2016-06-30T08:37:37","date_gmt":"2016-06-30T06:37:37","guid":{"rendered":"https:\/\/ebev.de\/produkte\/"},"modified":"2022-05-16T11:32:37","modified_gmt":"2022-05-16T09:32:37","slug":"produtos","status":"publish","type":"page","link":"https:\/\/ebev.de\/pt-pt\/produtos\/","title":{"rendered":"Produtos"},"content":{"rendered":"<p>[vc_row css=&#8221;.vc_custom_1467641628601{margin-top: 35px !important;}&#8221;][vc_column width=&#8221;1\/2&#8243;][vc_single_image image=&#8221;395&#8243; img_size=&#8221;full&#8221; alignment=&#8221;center&#8221; css=&#8221;.vc_custom_1471861054880{padding-top: 25px !important;}&#8221;][\/vc_column][vc_column width=&#8221;1\/2&#8243;][vc_column_text css=&#8221;.vc_custom_1652691412554{margin-top: 0px !important;margin-right: 0px !important;margin-bottom: 10px !important;margin-left: 0px !important;border-top-width: 0px !important;border-right-width: 0px !important;border-bottom-width: 0px !important;border-left-width: 0px !important;padding-top: 0px !important;padding-right: 0px !important;padding-bottom: 0px !important;padding-left: 0px !important;}&#8221;]<\/p>\n<h3>Pe\u00e7as de reposi\u00e7\u00e3o e de desgaste para m\u00e1quinas de pavimenta\u00e7\u00e3o rodovi\u00e1ria<\/h3>\n<p>[\/vc_column_text][vc_column_text css=&#8221;.vc_custom_1652691460941{margin-top: 0px !important;margin-right: 0px !important;margin-bottom: 20px !important;margin-left: 0px !important;border-top-width: 0px !important;border-right-width: 0px !important;border-bottom-width: 0px !important;border-left-width: 0px !important;padding-top: 0px !important;padding-right: 0px !important;padding-bottom: 0px !important;padding-left: 0px !important;}&#8221;]O nosso cat\u00e1logo \u00e9 composto por mais de 10.000 pe\u00e7as de reposi\u00e7\u00e3o e de desgaste para m\u00e1quinas de pavimenta\u00e7\u00e3o rodovi\u00e1ria[\/vc_column_text][vc_btn title=&#8221;Saber mais!&#8221; color=&#8221;primary&#8221; link=&#8221;url:http%3A%2F%2Febev.de%2Fprodukte%2Fersatz-und-verschleissteile-fuer-strassenfertiger%2F|||&#8221;][\/vc_column][vc_column css=&#8221;.vc_custom_1467642298584{margin-top: 50px !important;margin-bottom: 20px !important;}&#8221;][vc_separator style=&#8221;dashed&#8221; border_width=&#8221;2&#8243;][\/vc_column][\/vc_row][vc_row css=&#8221;.vc_custom_1467641628601{margin-top: 35px !important;}&#8221;][vc_column width=&#8221;1\/2&#8243;][vc_single_image image=&#8221;396&#8243; img_size=&#8221;full&#8221; alignment=&#8221;center&#8221; css=&#8221;.vc_custom_1471861229744{padding-top: 25px !important;}&#8221;][\/vc_column][vc_column width=&#8221;1\/2&#8243;][vc_column_text css=&#8221;.vc_custom_1652691592544{margin-top: 0px !important;margin-right: 0px !important;margin-bottom: 10px !important;margin-left: 0px !important;border-top-width: 0px !important;border-right-width: 0px !important;border-bottom-width: 0px !important;border-left-width: 0px !important;padding-top: 0px !important;padding-right: 0px !important;padding-bottom: 0px !important;padding-left: 0px !important;}&#8221;]<\/p>\n<h3>Usinagem e processamento de placas de desgaste Hardox<\/h3>\n<p>[\/vc_column_text][vc_column_text css=&#8221;.vc_custom_1652692658261{margin-top: 0px !important;margin-right: 0px !important;margin-bottom: 20px !important;margin-left: 0px !important;border-top-width: 0px !important;border-right-width: 0px !important;border-bottom-width: 0px !important;border-left-width: 0px !important;padding-top: 0px !important;padding-right: 0px !important;padding-bottom: 0px !important;padding-left: 0px !important;}&#8221;]O processo de usinagem e processamento de placas de desgaste HARDOX \u00e9 feita h\u00e1 mais de 25 anos.[\/vc_column_text][vc_btn title=&#8221;Saber mais!&#8221; color=&#8221;primary&#8221; link=&#8221;url:http%3A%2F%2Febev.de%2Fprodukte%2Fbe-und-verarbeitung-von-hardox-verschleissblechen%2F|||&#8221;][\/vc_column][vc_column css=&#8221;.vc_custom_1467642298584{margin-top: 50px !important;margin-bottom: 20px !important;}&#8221;][vc_separator style=&#8221;dashed&#8221; border_width=&#8221;2&#8243;][\/vc_column][\/vc_row][vc_row css=&#8221;.vc_custom_1467641628601{margin-top: 35px !important;}&#8221;][vc_column width=&#8221;1\/2&#8243;][vc_single_image image=&#8221;392&#8243; img_size=&#8221;full&#8221; alignment=&#8221;center&#8221; css=&#8221;.vc_custom_1471861305417{padding-top: 25px !important;}&#8221;][\/vc_column][vc_column width=&#8221;1\/2&#8243; css=&#8221;.vc_custom_1471862718992{padding-top: 25px !important;}&#8221;][vc_column_text css=&#8221;.vc_custom_1652693189480{margin-top: 0px !important;margin-right: 0px !important;margin-bottom: 10px !important;margin-left: 0px !important;border-top-width: 0px !important;border-right-width: 0px !important;border-bottom-width: 0px !important;border-left-width: 0px !important;padding-top: 0px !important;padding-right: 0px !important;padding-bottom: 0px !important;padding-left: 0px !important;}&#8221;]<\/p>\n<h3>USINAGEM E PROCESSAMENTO DE PLACAS MET\u00c1LICAS<\/h3>\n<p>[\/vc_column_text][vc_column_text css=&#8221;.vc_custom_1652693218665{margin-top: 0px !important;margin-right: 0px !important;margin-bottom: 20px !important;margin-left: 0px !important;border-top-width: 0px !important;border-right-width: 0px !important;border-bottom-width: 0px !important;border-left-width: 0px !important;padding-top: 0px !important;padding-right: 0px !important;padding-bottom: 0px !important;padding-left: 0px !important;}&#8221;]N\u00f3s produzimos e processamos atrav\u00e9s de controlo computacional de acordo com seus desejos.[\/vc_column_text][vc_btn title=&#8221;Saber mais!&#8221; color=&#8221;primary&#8221; link=&#8221;url:http%3A%2F%2Febev.de%2Fprodukte%2Fblechbearbeitung-und-zerspanung%2F|||&#8221;][\/vc_column][vc_column css=&#8221;.vc_custom_1467642298584{margin-top: 50px !important;margin-bottom: 20px !important;}&#8221;][vc_separator style=&#8221;dashed&#8221; border_width=&#8221;2&#8243;][\/vc_column][\/vc_row][vc_row css=&#8221;.vc_custom_1467641628601{margin-top: 35px !important;}&#8221;][vc_column width=&#8221;1\/2&#8243;][vc_single_image image=&#8221;394&#8243; img_size=&#8221;full&#8221; alignment=&#8221;center&#8221; css=&#8221;.vc_custom_1471861351513{padding-top: 25px !important;}&#8221;][\/vc_column][vc_column width=&#8221;1\/2&#8243; css=&#8221;.vc_custom_1471862732066{padding-top: 25px !important;}&#8221;][vc_column_text css=&#8221;.vc_custom_1652693319423{margin-top: 0px !important;margin-right: 0px !important;margin-bottom: 10px !important;margin-left: 0px !important;border-top-width: 0px !important;border-right-width: 0px !important;border-bottom-width: 0px !important;border-left-width: 0px !important;padding-top: 0px !important;padding-right: 0px !important;padding-bottom: 0px !important;padding-left: 0px !important;}&#8221;]<\/p>\n<h3>Prote\u00e7\u00e3o contra colis\u00f5es<\/h3>\n<p>[\/vc_column_text][vc_column_text css=&#8221;.vc_custom_1652693357489{margin-top: 0px !important;margin-right: 0px !important;margin-bottom: 20px !important;margin-left: 0px !important;border-top-width: 0px !important;border-right-width: 0px !important;border-bottom-width: 0px !important;border-left-width: 0px !important;padding-top: 0px !important;padding-right: 0px !important;padding-bottom: 0px !important;padding-left: 0px !important;}&#8221;]Oferecemos solu\u00e7\u00f5es especiais para prote\u00e7\u00e3o contra colis\u00f5es no setor de log\u00edstica.[\/vc_column_text][vc_btn title=&#8221;Saber mais!&#8221; color=&#8221;primary&#8221; link=&#8221;url:http%3A%2F%2Febev.de%2Fprodukte%2Frammschutz%2F|||&#8221;][\/vc_column][vc_column css=&#8221;.vc_custom_1467642298584{margin-top: 50px !important;margin-bottom: 20px !important;}&#8221;][vc_separator style=&#8221;dashed&#8221; border_width=&#8221;2&#8243;][\/vc_column][\/vc_row][vc_row css=&#8221;.vc_custom_1467641628601{margin-top: 35px !important;}&#8221;][vc_column width=&#8221;1\/2&#8243;][vc_single_image image=&#8221;393&#8243; img_size=&#8221;full&#8221; alignment=&#8221;center&#8221; css=&#8221;.vc_custom_1471861386702{padding-top: 25px !important;}&#8221;][\/vc_column][vc_column width=&#8221;1\/2&#8243; css=&#8221;.vc_custom_1471862739242{padding-top: 25px !important;}&#8221;][vc_column_text css=&#8221;.vc_custom_1652693451341{margin-top: 0px !important;margin-right: 0px !important;margin-bottom: 10px !important;margin-left: 0px !important;border-top-width: 0px !important;border-right-width: 0px !important;border-bottom-width: 0px !important;border-left-width: 0px !important;padding-top: 0px !important;padding-right: 0px !important;padding-bottom: 0px !important;padding-left: 0px !important;}&#8221;]<\/p>\n<h3>EBEV\u2013GRUA<\/h3>\n<p>[\/vc_column_text][vc_column_text css=&#8221;.vc_custom_1652693482865{margin-top: 0px !important;margin-right: 0px !important;margin-bottom: 20px !important;margin-left: 0px !important;border-top-width: 0px !important;border-right-width: 0px !important;border-bottom-width: 0px !important;border-left-width: 0px !important;padding-top: 0px !important;padding-right: 0px !important;padding-bottom: 0px !important;padding-left: 0px !important;}&#8221;]Pequeno e leve &#8211; mas de alto desempenho![\/vc_column_text][vc_btn title=&#8221;Saber mais!&#8221; color=&#8221;primary&#8221; link=&#8221;url:http%3A%2F%2Febev.de%2Fprodukte%2Febev-lift%2F|||&#8221;][\/vc_column][vc_column css=&#8221;.vc_custom_1467642298584{margin-top: 50px !important;margin-bottom: 20px !important;}&#8221;][vc_separator style=&#8221;dashed&#8221; border_width=&#8221;2&#8243;][\/vc_column][\/vc_row]<\/p>\n","protected":false},"excerpt":{"rendered":"<p>[vc_row css=&#8221;.vc_custom_1467641628601{margin-top: 35px !important;}&#8221;][vc_column width=&#8221;1\/2&#8243;][vc_single_image image=&#8221;395&#8243; img_size=&#8221;full&#8221; alignment=&#8221;center&#8221; css=&#8221;.vc_custom_1471861054880{padding-top: 25px !important;}&#8221;][\/vc_column][vc_column width=&#8221;1\/2&#8243;][vc_column_text css=&#8221;.vc_custom_1652691412554{margin-top: 0px !important;margin-right: 0px !important;margin-bottom: 10px !important;margin-left: 0px !important;border-top-width: 0px !important;border-right-width: 0px !important;border-bottom-width: 0px<span class=\"excerpt-hellip\"> [\u2026]<\/span><\/p>\n","protected":false},"author":1,"featured_media":0,"parent":0,"menu_order":4,"comment_status":"closed","ping_status":"closed","template":"","meta":{"footnotes":""},"class_list":["post-2122","page","type-page","status-publish","hentry"],"aioseo_notices":[],"_links":{"self":[{"href":"https:\/\/ebev.de\/pt-pt\/wp-json\/wp\/v2\/pages\/2122","targetHints":{"allow":["GET"]}}],"collection":[{"href":"https:\/\/ebev.de\/pt-pt\/wp-json\/wp\/v2\/pages"}],"about":[{"href":"https:\/\/ebev.de\/pt-pt\/wp-json\/wp\/v2\/types\/page"}],"author":[{"embeddable":true,"href":"https:\/\/ebev.de\/pt-pt\/wp-json\/wp\/v2\/users\/1"}],"replies":[{"embeddable":true,"href":"https:\/\/ebev.de\/pt-pt\/wp-json\/wp\/v2\/comments?post=2122"}],"version-history":[{"count":2,"href":"https:\/\/ebev.de\/pt-pt\/wp-json\/wp\/v2\/pages\/2122\/revisions"}],"predecessor-version":[{"id":2124,"href":"https:\/\/ebev.de\/pt-pt\/wp-json\/wp\/v2\/pages\/2122\/revisions\/2124"}],"wp:attachment":[{"href":"https:\/\/ebev.de\/pt-pt\/wp-json\/wp\/v2\/media?parent=2122"}],"curies":[{"name":"wp","href":"https:\/\/api.w.org\/{rel}","templated":true}]}}