{"id":2125,"date":"2016-06-30T08:37:37","date_gmt":"2016-06-30T06:37:37","guid":{"rendered":"https:\/\/ebev.de\/herstellung-qualitaet\/"},"modified":"2022-05-16T11:49:24","modified_gmt":"2022-05-16T09:49:24","slug":"producao-e-qualidade","status":"publish","type":"page","link":"https:\/\/ebev.de\/pt-pt\/producao-e-qualidade\/","title":{"rendered":"Produ\u00e7\u00e3o e Qualidade"},"content":{"rendered":"<p>[vc_row full_width=&#8221;stretch_row&#8221; parallax=&#8221;content-moving&#8221; parallax_image=&#8221;178&#8243; parallax_speed_bg=&#8221;1.75&#8243;][vc_column][vc_column_text css=&#8221;.vc_custom_1652694288052{padding-right: 50px !important;padding-left: 50px !important;}&#8221;]<\/p>\n<h3 style=\"text-align: center;\">OS MUITOS ANOS DE EXPERI\u00caNCIA DOS NOSSOS ESPECIALISTAS ALIADOS AOS M\u00c9TODOS DE FABRICA\u00c7\u00c3O INOVADORES E A GARANTIA DE QUALIDADE CONT\u00cdNUA, S\u00c3O A BASE DE TODOS OS PROCESSOS DE PRODU\u00c7\u00c3O.<\/h3>\n<p>[\/vc_column_text][vc_separator color=&#8221;blue&#8221; style=&#8221;dashed&#8221; border_width=&#8221;2&#8243; el_width=&#8221;60&#8243;][vc_row_inner css=&#8221;.vc_custom_1468922306929{margin: 0px !important;border-width: 0px !important;padding: 0px !important;}&#8221;][vc_column_inner width=&#8221;1\/12&#8243; css=&#8221;.vc_custom_1468922745362{margin: 0px !important;border-width: 0px !important;padding: 0px !important;}&#8221;][vc_single_image image=&#8221;279&#8243; img_size=&#8221;full&#8221; css=&#8221;.vc_custom_1468923611363{margin-top: 0px !important;margin-right: 0px !important;margin-bottom: 0px !important;margin-left: 0px !important;border-top-width: 0px !important;border-right-width: 0px !important;border-bottom-width: 0px !important;border-left-width: 0px !important;padding-top: 0px !important;padding-right: 0px !important;padding-bottom: 0px !important;padding-left: 0px !important;}&#8221;][\/vc_column_inner][vc_column_inner width=&#8221;11\/12&#8243; css=&#8221;.vc_custom_1468922311710{margin: 0px !important;border-width: 0px !important;padding: 0px !important;}&#8221;][vc_column_text css=&#8221;.vc_custom_1652694318304{margin-top: 0px !important;margin-right: 0px !important;margin-bottom: 0px !important;margin-left: 0px !important;border-top-width: 0px !important;border-right-width: 0px !important;border-bottom-width: 0px !important;border-left-width: 0px !important;padding-top: 14px !important;padding-right: 0px !important;padding-bottom: 0px !important;padding-left: 0px !important;}&#8221;]Temos especialistas qualificados nas \u00e1reas de vendas, design e produ\u00e7\u00e3o.[\/vc_column_text][\/vc_column_inner][\/vc_row_inner][vc_row_inner css=&#8221;.vc_custom_1468923139291{margin-top: 0px !important;margin-right: 0px !important;margin-bottom: 0px !important;margin-left: 0px !important;border-top-width: 0px !important;border-right-width: 0px !important;border-bottom-width: 0px !important;border-left-width: 0px !important;padding-top: 0px !important;padding-right: 0px !important;padding-bottom: 0px !important;padding-left: 0px !important;}&#8221;][vc_column_inner width=&#8221;1\/12&#8243; css=&#8221;.vc_custom_1468922745362{margin: 0px !important;border-width: 0px !important;padding: 0px !important;}&#8221;][vc_single_image image=&#8221;293&#8243; img_size=&#8221;full&#8221; css=&#8221;.vc_custom_1468924533764{margin: 0px !important;border-width: 0px !important;padding: 0px !important;}&#8221;][\/vc_column_inner][vc_column_inner width=&#8221;11\/12&#8243; css=&#8221;.vc_custom_1468922311710{margin: 0px !important;border-width: 0px !important;padding: 0px !important;}&#8221;][vc_column_text css=&#8221;.vc_custom_1652694344500{margin-top: 0px !important;margin-right: 0px !important;margin-bottom: 0px !important;margin-left: 0px !important;border-top-width: 0px !important;border-right-width: 0px !important;border-bottom-width: 0px !important;border-left-width: 0px !important;padding-top: 14px !important;padding-right: 0px !important;padding-bottom: 0px !important;padding-left: 0px !important;}&#8221;]A produ\u00e7\u00e3o \u00e9 realizada em m\u00e1quinas modernas e exclusivamente com material de alta qualidade.[\/vc_column_text][\/vc_column_inner][\/vc_row_inner][vc_row_inner css=&#8221;.vc_custom_1468923139291{margin-top: 0px !important;margin-right: 0px !important;margin-bottom: 0px !important;margin-left: 0px !important;border-top-width: 0px !important;border-right-width: 0px !important;border-bottom-width: 0px !important;border-left-width: 0px !important;padding-top: 0px !important;padding-right: 0px !important;padding-bottom: 0px !important;padding-left: 0px !important;}&#8221;][vc_column_inner width=&#8221;1\/12&#8243; css=&#8221;.vc_custom_1468922745362{margin: 0px !important;border-width: 0px !important;padding: 0px !important;}&#8221;][vc_single_image image=&#8221;313&#8243; img_size=&#8221;full&#8221; css=&#8221;.vc_custom_1468924501825{margin: 0px !important;border-width: 0px !important;padding: 0px !important;}&#8221;][\/vc_column_inner][vc_column_inner width=&#8221;11\/12&#8243; css=&#8221;.vc_custom_1468922311710{margin: 0px !important;border-width: 0px !important;padding: 0px !important;}&#8221;][vc_column_text css=&#8221;.vc_custom_1652694379474{margin-top: 0px !important;margin-right: 0px !important;margin-bottom: 0px !important;margin-left: 0px !important;border-top-width: 0px !important;border-right-width: 0px !important;border-bottom-width: 0px !important;border-left-width: 0px !important;padding-top: 14px !important;padding-right: 0px !important;padding-bottom: 0px !important;padding-left: 0px !important;}&#8221;]Solu\u00e7\u00f5es de problemas individuais tamb\u00e9m s\u00e3o desenvolvidas e implementadas de acordo com os mais elevados padr\u00f5es de qualidade[\/vc_column_text][\/vc_column_inner][\/vc_row_inner][vc_row_inner css=&#8221;.vc_custom_1468923139291{margin-top: 0px !important;margin-right: 0px !important;margin-bottom: 0px !important;margin-left: 0px !important;border-top-width: 0px !important;border-right-width: 0px !important;border-bottom-width: 0px !important;border-left-width: 0px !important;padding-top: 0px !important;padding-right: 0px !important;padding-bottom: 0px !important;padding-left: 0px !important;}&#8221;][vc_column_inner width=&#8221;1\/12&#8243; css=&#8221;.vc_custom_1468922745362{margin: 0px !important;border-width: 0px !important;padding: 0px !important;}&#8221;][vc_single_image image=&#8221;314&#8243; img_size=&#8221;full&#8221; css=&#8221;.vc_custom_1468924508103{margin: 0px !important;border-width: 0px !important;padding: 0px !important;}&#8221;][\/vc_column_inner][vc_column_inner width=&#8221;11\/12&#8243; css=&#8221;.vc_custom_1468922311710{margin: 0px !important;border-width: 0px !important;padding: 0px !important;}&#8221;][vc_column_text css=&#8221;.vc_custom_1652694409313{margin-top: 0px !important;margin-right: 0px !important;margin-bottom: 0px !important;margin-left: 0px !important;border-top-width: 0px !important;border-right-width: 0px !important;border-bottom-width: 0px !important;border-left-width: 0px !important;padding-top: 14px !important;padding-right: 0px !important;padding-bottom: 0px !important;padding-left: 0px !important;}&#8221;]A import\u00e2ncia do constante desenvolvimento de novos produtos e o melhoramento dos produtos existentes \u00e9 muito significativa para n\u00f3s.[\/vc_column_text][\/vc_column_inner][\/vc_row_inner][vc_row_inner css=&#8221;.vc_custom_1468923139291{margin-top: 0px !important;margin-right: 0px !important;margin-bottom: 0px !important;margin-left: 0px !important;border-top-width: 0px !important;border-right-width: 0px !important;border-bottom-width: 0px !important;border-left-width: 0px !important;padding-top: 0px !important;padding-right: 0px !important;padding-bottom: 0px !important;padding-left: 0px !important;}&#8221;][vc_column_inner width=&#8221;1\/12&#8243; css=&#8221;.vc_custom_1468922745362{margin: 0px !important;border-width: 0px !important;padding: 0px !important;}&#8221;][vc_single_image image=&#8221;315&#8243; img_size=&#8221;full&#8221; css=&#8221;.vc_custom_1468924515831{margin: 0px !important;border-width: 0px !important;padding: 0px !important;}&#8221;][\/vc_column_inner][vc_column_inner width=&#8221;11\/12&#8243; css=&#8221;.vc_custom_1468922311710{margin: 0px !important;border-width: 0px !important;padding: 0px !important;}&#8221;][vc_column_text css=&#8221;.vc_custom_1652694452504{margin-top: 0px !important;margin-right: 0px !important;margin-bottom: 0px !important;margin-left: 0px !important;border-top-width: 0px !important;border-right-width: 0px !important;border-bottom-width: 0px !important;border-left-width: 0px !important;padding-top: 14px !important;padding-right: 0px !important;padding-bottom: 0px !important;padding-left: 0px !important;}&#8221;]O sistema de armazenamento computorizado, juntamente com um programa de gest\u00e3o de mercadorias, garante prazos de entrega r\u00e1pidos para pe\u00e7as de reposi\u00e7\u00e3o e de desgaste para equipamentos de pavimenta\u00e7\u00e3o rodovi\u00e1ria.[\/vc_column_text][\/vc_column_inner][\/vc_row_inner][vc_row_inner css=&#8221;.vc_custom_1468923139291{margin-top: 0px !important;margin-right: 0px !important;margin-bottom: 0px !important;margin-left: 0px !important;border-top-width: 0px !important;border-right-width: 0px !important;border-bottom-width: 0px !important;border-left-width: 0px !important;padding-top: 0px !important;padding-right: 0px !important;padding-bottom: 0px !important;padding-left: 0px !important;}&#8221;][vc_column_inner width=&#8221;1\/12&#8243; css=&#8221;.vc_custom_1468922745362{margin: 0px !important;border-width: 0px !important;padding: 0px !important;}&#8221;][vc_single_image image=&#8221;316&#8243; img_size=&#8221;full&#8221;][\/vc_column_inner][vc_column_inner width=&#8221;11\/12&#8243; css=&#8221;.vc_custom_1468922311710{margin: 0px !important;border-width: 0px !important;padding: 0px !important;}&#8221;][vc_column_text css=&#8221;.vc_custom_1652694505687{margin-top: 0px !important;margin-right: 0px !important;margin-bottom: 0px !important;margin-left: 0px !important;border-top-width: 0px !important;border-right-width: 0px !important;border-bottom-width: 0px !important;border-left-width: 0px !important;padding-top: 14px !important;padding-right: 0px !important;padding-bottom: 0px !important;padding-left: 0px !important;}&#8221;]Especialista comercial, design, produ\u00e7\u00e3o e montagem a partir de uma \u00fanica fonte![\/vc_column_text][\/vc_column_inner][\/vc_row_inner][\/vc_column][\/vc_row]<\/p>\n","protected":false},"excerpt":{"rendered":"<p>[vc_row full_width=&#8221;stretch_row&#8221; parallax=&#8221;content-moving&#8221; parallax_image=&#8221;178&#8243; parallax_speed_bg=&#8221;1.75&#8243;][vc_column][vc_column_text css=&#8221;.vc_custom_1652694288052{padding-right: 50px !important;padding-left: 50px !important;}&#8221;] OS MUITOS ANOS DE EXPERI\u00caNCIA DOS NOSSOS ESPECIALISTAS ALIADOS AOS M\u00c9TODOS DE FABRICA\u00c7\u00c3O INOVADORES E A<span class=\"excerpt-hellip\"> [\u2026]<\/span><\/p>\n","protected":false},"author":1,"featured_media":0,"parent":0,"menu_order":5,"comment_status":"closed","ping_status":"closed","template":"","meta":{"footnotes":""},"class_list":["post-2125","page","type-page","status-publish","hentry"],"aioseo_notices":[],"_links":{"self":[{"href":"https:\/\/ebev.de\/pt-pt\/wp-json\/wp\/v2\/pages\/2125","targetHints":{"allow":["GET"]}}],"collection":[{"href":"https:\/\/ebev.de\/pt-pt\/wp-json\/wp\/v2\/pages"}],"about":[{"href":"https:\/\/ebev.de\/pt-pt\/wp-json\/wp\/v2\/types\/page"}],"author":[{"embeddable":true,"href":"https:\/\/ebev.de\/pt-pt\/wp-json\/wp\/v2\/users\/1"}],"replies":[{"embeddable":true,"href":"https:\/\/ebev.de\/pt-pt\/wp-json\/wp\/v2\/comments?post=2125"}],"version-history":[{"count":3,"href":"https:\/\/ebev.de\/pt-pt\/wp-json\/wp\/v2\/pages\/2125\/revisions"}],"predecessor-version":[{"id":2128,"href":"https:\/\/ebev.de\/pt-pt\/wp-json\/wp\/v2\/pages\/2125\/revisions\/2128"}],"wp:attachment":[{"href":"https:\/\/ebev.de\/pt-pt\/wp-json\/wp\/v2\/media?parent=2125"}],"curies":[{"name":"wp","href":"https:\/\/api.w.org\/{rel}","templated":true}]}}