{"id":2139,"date":"2016-06-30T08:37:37","date_gmt":"2016-06-30T06:37:37","guid":{"rendered":"https:\/\/ebev.de\/produtos\/ersatz-und-verschleissteile-fuer-strassenfertiger\/"},"modified":"2022-05-17T08:50:42","modified_gmt":"2022-05-17T06:50:42","slug":"pecas-de-reposicao-e-de-desgaste","status":"publish","type":"page","link":"https:\/\/ebev.de\/pt-pt\/produtos\/pecas-de-reposicao-e-de-desgaste\/","title":{"rendered":"Pe\u00e7as de reposi\u00e7\u00e3o e de desgaste"},"content":{"rendered":"<p>[vc_row bg_type=&#8221;image&#8221; parallax_style=&#8221;vcpb-default&#8221; bg_image_new=&#8221;id^1011|url^https:\/\/ebev.de\/wp-content\/uploads\/2016\/06\/highlight_blau.png|caption^null|alt^null|title^highlight_blau|description^null&#8221; bg_image_repeat=&#8221;no-repeat&#8221; bg_image_size=&#8221;contain&#8221; bg_override=&#8221;ex-full&#8221; css=&#8221;.vc_custom_1480419074307{margin-top: 70px !important;margin-bottom: 10px !important;}&#8221; el_class=&#8221;bg-blau&#8221;][vc_column width=&#8221;1\/2&#8243; css=&#8221;.vc_custom_1479973425173{margin-top: 70px !important;}&#8221;][vc_column_text]<\/p>\n<h1><span style=\"color: #ffffff;\">Pe\u00e7as de reposi\u00e7\u00e3o e de desgaste<\/span><br \/>\n<span style=\"color: #ffffff;\">para m\u00e1quinas de pavimenta\u00e7\u00e3o rodovi\u00e1ria<\/span><\/h1>\n<p>[\/vc_column_text][vc_row_inner][vc_column_inner][vc_column_text]<span style=\"color: #ffffff;\">A empresa EBEV GmbH &amp; Co.KG \u00e9 uma empresa conhecida e especializada na produ\u00e7\u00e3o e distribui\u00e7\u00e3o de pe\u00e7as de desgaste para m\u00e1quinas de pavimenta\u00e7\u00e3o rodovi\u00e1ria. Quase todas as pe\u00e7as s\u00e3o fabricadas em conformidade com os mais altos padr\u00f5es de qualidade e tecnologia na sede da empresa em Edewecht, Alemanha. As pe\u00e7as de desgaste mais importantes s\u00e3o armazenadas em armaz\u00e9ns controlados por computadores para expedi\u00e7\u00e3o imediata por caminh\u00e3o, navio ou avi\u00e3o.<\/span><\/p>\n<blockquote style=\"font-size: 22px; margin: 0 0 15px 25px;\"><p><span style=\"color: #ffffff;\"><strong> O nosso cat\u00e1logo \u00e9 composto por mais de 10.000 pe\u00e7as de reposi\u00e7\u00e3o e de desgaste para m\u00e1quinas de pavimenta\u00e7\u00e3o rodovi\u00e1ria.<\/strong><\/span><\/p><\/blockquote>\n<blockquote style=\"font-size: 22px;\"><p><span style=\"color: #ffffff;\"><strong> N\u00f3s fornecemos pe\u00e7as individuais, bem como kits de repara\u00e7\u00e3o, aqui est\u00e3o exemplos de nossos produtos:<\/strong><\/span><\/p><\/blockquote>\n<p>[\/vc_column_text][\/vc_column_inner][\/vc_row_inner][\/vc_column][vc_column width=&#8221;1\/2&#8243;][vc_single_image image=&#8221;1017&#8243; img_size=&#8221;full&#8221;][\/vc_column][\/vc_row][vc_row css=&#8221;.vc_custom_1471944926267{margin-bottom: 75px !important;}&#8221;][vc_column width=&#8221;1\/3&#8243; el_class=&#8221;vertical_separator&#8221; css=&#8221;.vc_custom_1480411746076{padding-top: 30px !important;padding-right: 20px !important;padding-left: 20px !important;}&#8221;][vc_single_image image=&#8221;447&#8243; img_size=&#8221;full&#8221;][vc_column_text]<\/p>\n<p style=\"text-align: center;\">Pe\u00e7as de desgaste para transportadoras<\/p>\n<p>[\/vc_column_text][\/vc_column][vc_column width=&#8221;1\/3&#8243; el_class=&#8221;vertical_separator&#8221; css=&#8221;.vc_custom_1471944655376{padding-top: 30px !important;padding-right: 20px !important;padding-left: 20px !important;}&#8221;][vc_single_image image=&#8221;440&#8243; img_size=&#8221;full&#8221;][vc_column_text]<\/p>\n<p style=\"text-align: center;\">Placas Transportadoras<\/p>\n<p>[\/vc_column_text][\/vc_column][vc_column width=&#8221;1\/3&#8243; css=&#8221;.vc_custom_1471944660831{padding-top: 30px !important;padding-right: 20px !important;padding-left: 20px !important;}&#8221;][vc_single_image image=&#8221;439&#8243; img_size=&#8221;full&#8221;][vc_column_text]<\/p>\n<p style=\"text-align: center;\">Eixo de tra\u00e7\u00e3o<\/p>\n<p>[\/vc_column_text][\/vc_column][\/vc_row][vc_row css=&#8221;.vc_custom_1471950032160{margin-bottom: 75px !important;}&#8221;][vc_column width=&#8221;1\/3&#8243; el_class=&#8221;vertical_separator&#8221; css=&#8221;.vc_custom_1471944647376{padding-top: 30px !important;padding-right: 20px !important;padding-left: 20px !important;}&#8221;][vc_single_image image=&#8221;431&#8243; img_size=&#8221;full&#8221;][vc_column_text]<\/p>\n<p style=\"text-align: center;\">Kit \u2013 conjunto de perfis de capas<\/p>\n<p>[\/vc_column_text][\/vc_column][vc_column width=&#8221;1\/3&#8243; el_class=&#8221;vertical_separator&#8221; css=&#8221;.vc_custom_1471944655376{padding-top: 30px !important;padding-right: 20px !important;padding-left: 20px !important;}&#8221;][vc_single_image image=&#8221;446&#8243; img_size=&#8221;full&#8221;][vc_column_text]<\/p>\n<p style=\"text-align: center;\">Par de polias<\/p>\n<p>[\/vc_column_text][\/vc_column][vc_column width=&#8221;1\/3&#8243; css=&#8221;.vc_custom_1471944660831{padding-top: 30px !important;padding-right: 20px !important;padding-left: 20px !important;}&#8221;][vc_single_image image=&#8221;432&#8243; img_size=&#8221;full&#8221;][vc_column_text]<\/p>\n<p style=\"text-align: center;\">Corrente de fita dupla<\/p>\n<p>[\/vc_column_text][\/vc_column][\/vc_row][vc_row css=&#8221;.vc_custom_1471950035929{margin-bottom: 75px !important;}&#8221;][vc_column width=&#8221;1\/3&#8243; el_class=&#8221;vertical_separator&#8221; css=&#8221;.vc_custom_1471944647376{padding-top: 30px !important;padding-right: 20px !important;padding-left: 20px !important;}&#8221;][vc_single_image image=&#8221;435&#8243; img_size=&#8221;full&#8221;][vc_column_text]<\/p>\n<p style=\"text-align: center;\">Conjunto de carretos<\/p>\n<p>[\/vc_column_text][\/vc_column][vc_column width=&#8221;1\/3&#8243; el_class=&#8221;vertical_separator&#8221; css=&#8221;.vc_custom_1471944655376{padding-top: 30px !important;padding-right: 20px !important;padding-left: 20px !important;}&#8221;][vc_single_image image=&#8221;441&#8243; img_size=&#8221;full&#8221;][vc_column_text]<\/p>\n<p style=\"text-align: center;\">Corrente de rolos<\/p>\n<p>[\/vc_column_text][\/vc_column][vc_column width=&#8221;1\/3&#8243; css=&#8221;.vc_custom_1471944660831{padding-top: 30px !important;padding-right: 20px !important;padding-left: 20px !important;}&#8221;][vc_single_image image=&#8221;443&#8243; img_size=&#8221;full&#8221;][vc_column_text]<\/p>\n<p style=\"text-align: center;\">Eixos helicoidais, l\u00e2minas helicoidais<\/p>\n<p>[\/vc_column_text][\/vc_column][\/vc_row][vc_row css=&#8221;.vc_custom_1471950041308{margin-bottom: 75px !important;}&#8221;][vc_column width=&#8221;1\/3&#8243; el_class=&#8221;vertical_separator&#8221; css=&#8221;.vc_custom_1471944647376{padding-top: 30px !important;padding-right: 20px !important;padding-left: 20px !important;}&#8221;][vc_single_image image=&#8221;444&#8243; img_size=&#8221;full&#8221;][vc_column_text]<\/p>\n<p style=\"text-align: center;\">Eixos helicoidais, l\u00e2minas helicoidais<\/p>\n<p>[\/vc_column_text][\/vc_column][vc_column width=&#8221;1\/3&#8243; el_class=&#8221;vertical_separator&#8221; css=&#8221;.vc_custom_1471944655376{padding-top: 30px !important;padding-right: 20px !important;padding-left: 20px !important;}&#8221;][vc_single_image image=&#8221;442&#8243; img_size=&#8221;full&#8221;][vc_column_text]<\/p>\n<p style=\"text-align: center;\">Extens\u00f5es helicoidais<\/p>\n<p>[\/vc_column_text][\/vc_column][vc_column width=&#8221;1\/3&#8243; css=&#8221;.vc_custom_1471944660831{padding-top: 30px !important;padding-right: 20px !important;padding-left: 20px !important;}&#8221;][vc_single_image image=&#8221;436&#8243; img_size=&#8221;full&#8221;][vc_column_text]<\/p>\n<p style=\"text-align: center;\">Suportes de rolamentos<\/p>\n<p>[\/vc_column_text][\/vc_column][\/vc_row][vc_row css=&#8221;.vc_custom_1471950045292{margin-bottom: 75px !important;}&#8221;][vc_column width=&#8221;1\/3&#8243; el_class=&#8221;vertical_separator&#8221; css=&#8221;.vc_custom_1471944647376{padding-top: 30px !important;padding-right: 20px !important;padding-left: 20px !important;}&#8221;][vc_single_image image=&#8221;437&#8243; img_size=&#8221;full&#8221;][vc_column_text]<\/p>\n<p style=\"text-align: center;\">Conjunto de chumaceiras, anel de veda\u00e7\u00e3o<\/p>\n<p>[\/vc_column_text][\/vc_column][vc_column width=&#8221;1\/3&#8243; el_class=&#8221;vertical_separator&#8221; css=&#8221;.vc_custom_1471944655376{padding-top: 30px !important;padding-right: 20px !important;padding-left: 20px !important;}&#8221;][vc_single_image image=&#8221;438&#8243; img_size=&#8221;full&#8221;][vc_column_text]<\/p>\n<p style=\"text-align: center;\">Conjunto de chumaceiras, anel de veda\u00e7\u00e3o<\/p>\n<p>[\/vc_column_text][\/vc_column][vc_column width=&#8221;1\/3&#8243; css=&#8221;.vc_custom_1471944660831{padding-top: 30px !important;padding-right: 20px !important;padding-left: 20px !important;}&#8221;][vc_single_image image=&#8221;448&#8243; img_size=&#8221;full&#8221;][vc_column_text]<\/p>\n<p style=\"text-align: center;\">Kits de pe\u00e7as de desgaste \u2013 Prancha<\/p>\n<p>[\/vc_column_text][\/vc_column][\/vc_row][vc_row css=&#8221;.vc_custom_1471950048810{margin-bottom: 75px !important;}&#8221;][vc_column width=&#8221;1\/3&#8243; el_class=&#8221;vertical_separator&#8221; css=&#8221;.vc_custom_1471944647376{padding-top: 30px !important;padding-right: 20px !important;padding-left: 20px !important;}&#8221;][vc_single_image image=&#8221;802&#8243; img_size=&#8221;380&#215;260&#8243;][vc_column_text]<\/p>\n<p style=\"text-align: center;\">Placas de alisamento<\/p>\n<p>[\/vc_column_text][\/vc_column][vc_column width=&#8221;1\/3&#8243; el_class=&#8221;vertical_separator&#8221; css=&#8221;.vc_custom_1471944655376{padding-top: 30px !important;padding-right: 20px !important;padding-left: 20px !important;}&#8221;][vc_single_image image=&#8221;445&#8243; img_size=&#8221;full&#8221;][vc_column_text]<\/p>\n<p style=\"text-align: center;\">Barras de tamper<\/p>\n<p>[\/vc_column_text][\/vc_column][vc_column width=&#8221;1\/3&#8243; css=&#8221;.vc_custom_1471944660831{padding-top: 30px !important;padding-right: 20px !important;padding-left: 20px !important;}&#8221;][vc_single_image image=&#8221;434&#8243; img_size=&#8221;full&#8221;][vc_column_text]<\/p>\n<p style=\"text-align: center;\">Hastes de aquecimento<\/p>\n<p>[\/vc_column_text][\/vc_column][\/vc_row]<\/p>\n","protected":false},"excerpt":{"rendered":"<p>[vc_row bg_type=&#8221;image&#8221; parallax_style=&#8221;vcpb-default&#8221; bg_image_new=&#8221;id^1011|url^https:\/\/ebev.de\/wp-content\/uploads\/2016\/06\/highlight_blau.png|caption^null|alt^null|title^highlight_blau|description^null&#8221; bg_image_repeat=&#8221;no-repeat&#8221; bg_image_size=&#8221;contain&#8221; bg_override=&#8221;ex-full&#8221; css=&#8221;.vc_custom_1480419074307{margin-top: 70px !important;margin-bottom: 10px !important;}&#8221; el_class=&#8221;bg-blau&#8221;][vc_column width=&#8221;1\/2&#8243; css=&#8221;.vc_custom_1479973425173{margin-top: 70px !important;}&#8221;][vc_column_text] Pe\u00e7as de reposi\u00e7\u00e3o e de desgaste para m\u00e1quinas de<span class=\"excerpt-hellip\"> [\u2026]<\/span><\/p>\n","protected":false},"author":1,"featured_media":0,"parent":2122,"menu_order":0,"comment_status":"closed","ping_status":"closed","template":"","meta":{"footnotes":""},"class_list":["post-2139","page","type-page","status-publish","hentry"],"aioseo_notices":[],"_links":{"self":[{"href":"https:\/\/ebev.de\/pt-pt\/wp-json\/wp\/v2\/pages\/2139","targetHints":{"allow":["GET"]}}],"collection":[{"href":"https:\/\/ebev.de\/pt-pt\/wp-json\/wp\/v2\/pages"}],"about":[{"href":"https:\/\/ebev.de\/pt-pt\/wp-json\/wp\/v2\/types\/page"}],"author":[{"embeddable":true,"href":"https:\/\/ebev.de\/pt-pt\/wp-json\/wp\/v2\/users\/1"}],"replies":[{"embeddable":true,"href":"https:\/\/ebev.de\/pt-pt\/wp-json\/wp\/v2\/comments?post=2139"}],"version-history":[{"count":2,"href":"https:\/\/ebev.de\/pt-pt\/wp-json\/wp\/v2\/pages\/2139\/revisions"}],"predecessor-version":[{"id":2141,"href":"https:\/\/ebev.de\/pt-pt\/wp-json\/wp\/v2\/pages\/2139\/revisions\/2141"}],"up":[{"embeddable":true,"href":"https:\/\/ebev.de\/pt-pt\/wp-json\/wp\/v2\/pages\/2122"}],"wp:attachment":[{"href":"https:\/\/ebev.de\/pt-pt\/wp-json\/wp\/v2\/media?parent=2139"}],"curies":[{"name":"wp","href":"https:\/\/api.w.org\/{rel}","templated":true}]}}