{"id":2142,"date":"2016-06-30T08:37:37","date_gmt":"2016-06-30T06:37:37","guid":{"rendered":"https:\/\/ebev.de\/produtos\/be-und-verarbeitung-von-hardox-verschleissblechen\/"},"modified":"2022-05-17T09:13:35","modified_gmt":"2022-05-17T07:13:35","slug":"usinagem-e-processamento-de-placas-de-desgaste-hardox","status":"publish","type":"page","link":"https:\/\/ebev.de\/pt-pt\/produtos\/usinagem-e-processamento-de-placas-de-desgaste-hardox\/","title":{"rendered":"Usinagem e processamento de placas de desgaste Hardox"},"content":{"rendered":"<p>[vc_row bg_type=&#8221;image&#8221; parallax_style=&#8221;vcpb-default&#8221; bg_image_new=&#8221;id^1011|url^https:\/\/ebev.de\/wp-content\/uploads\/2016\/06\/highlight_blau.png|caption^null|alt^null|title^highlight_blau|description^null&#8221; bg_image_repeat=&#8221;no-repeat&#8221; bg_image_size=&#8221;contain&#8221; bg_override=&#8221;ex-full&#8221; css=&#8221;.vc_custom_1480579051954{margin-top: 70px !important;margin-bottom: 10px !important;}&#8221; el_class=&#8221;bg-blau&#8221;][vc_column width=&#8221;1\/2&#8243; css=&#8221;.vc_custom_1480579161245{margin-top: 100px !important;}&#8221;][vc_column_text]<\/p>\n<h1><span style=\"color: #ffffff;\">Usinagem e processamento<\/span><br \/>\n<span style=\"color: #ffffff;\">de placas de desgaste Hardox<\/span><\/h1>\n<p>[\/vc_column_text][vc_row_inner][vc_column_inner][vc_column_text]<span style=\"color: #ffffff;\">A nossa empresa pratica a usinagem e processa placas de desgaste HARDOX h\u00e1 mais de 25 anos. Conhecemos as caracter\u00edsticas espec\u00edficas deste material atrav\u00e9s de v\u00e1rios cursos de forma\u00e7\u00e3o e in\u00fameras experi\u00eancias internas na usinagem e processamento, de modo que podemos demonstrar um amplo conhecimento profissional nesta \u00e1rea, do qual voc\u00ea tamb\u00e9m pode se beneficiar.<\/span><\/p>\n<blockquote style=\"font-size: 22px;\"><p><span style=\"color: #ffffff;\"><strong> Pe\u00e7as de desgaste para uma ampla variedade de aplica\u00e7\u00f5es, aqui est\u00e3o exemplos de nossos produtos:<\/strong><\/span><\/p><\/blockquote>\n<p>[\/vc_column_text][\/vc_column_inner][\/vc_row_inner][\/vc_column][vc_column width=&#8221;1\/2&#8243;][vc_single_image image=&#8221;1037&#8243; img_size=&#8221;full&#8221;][\/vc_column][\/vc_row][vc_row css=&#8221;.vc_custom_1471944926267{margin-bottom: 75px !important;}&#8221;][vc_column width=&#8221;1\/3&#8243; el_class=&#8221;vertical_separator&#8221; css=&#8221;.vc_custom_1471944647376{padding-top: 30px !important;padding-right: 20px !important;padding-left: 20px !important;}&#8221;][vc_single_image image=&#8221;464&#8243; img_size=&#8221;full&#8221;][\/vc_column][vc_column width=&#8221;1\/3&#8243; el_class=&#8221;vertical_separator&#8221; css=&#8221;.vc_custom_1471944655376{padding-top: 30px !important;padding-right: 20px !important;padding-left: 20px !important;}&#8221;][vc_single_image image=&#8221;465&#8243; img_size=&#8221;full&#8221;][\/vc_column][vc_column width=&#8221;1\/3&#8243; css=&#8221;.vc_custom_1471944660831{padding-top: 30px !important;padding-right: 20px !important;padding-left: 20px !important;}&#8221;][vc_single_image image=&#8221;986&#8243; img_size=&#8221;full&#8221;][\/vc_column][\/vc_row][vc_row css=&#8221;.vc_custom_1471950032160{margin-bottom: 75px !important;}&#8221;][vc_column width=&#8221;1\/3&#8243; el_class=&#8221;vertical_separator&#8221; css=&#8221;.vc_custom_1471944647376{padding-top: 30px !important;padding-right: 20px !important;padding-left: 20px !important;}&#8221;][vc_single_image image=&#8221;467&#8243; img_size=&#8221;full&#8221;][\/vc_column][vc_column width=&#8221;1\/3&#8243; el_class=&#8221;vertical_separator&#8221; css=&#8221;.vc_custom_1471944655376{padding-top: 30px !important;padding-right: 20px !important;padding-left: 20px !important;}&#8221;][vc_single_image image=&#8221;468&#8243; img_size=&#8221;full&#8221;][\/vc_column][vc_column width=&#8221;1\/3&#8243; css=&#8221;.vc_custom_1471944660831{padding-top: 30px !important;padding-right: 20px !important;padding-left: 20px !important;}&#8221;][vc_single_image image=&#8221;469&#8243; img_size=&#8221;full&#8221;][\/vc_column][\/vc_row][vc_row css=&#8221;.vc_custom_1471950035929{margin-bottom: 75px !important;}&#8221;][vc_column width=&#8221;1\/3&#8243; el_class=&#8221;vertical_separator&#8221; css=&#8221;.vc_custom_1471944647376{padding-top: 30px !important;padding-right: 20px !important;padding-left: 20px !important;}&#8221;][vc_single_image image=&#8221;1135&#8243; img_size=&#8221;full&#8221;][\/vc_column][vc_column width=&#8221;1\/3&#8243; el_class=&#8221;vertical_separator&#8221; css=&#8221;.vc_custom_1471944655376{padding-top: 30px !important;padding-right: 20px !important;padding-left: 20px !important;}&#8221;][vc_single_image image=&#8221;471&#8243; img_size=&#8221;full&#8221;][\/vc_column][vc_column width=&#8221;1\/3&#8243; css=&#8221;.vc_custom_1471944660831{padding-top: 30px !important;padding-right: 20px !important;padding-left: 20px !important;}&#8221;][vc_single_image image=&#8221;1136&#8243; img_size=&#8221;full&#8221;][\/vc_column][\/vc_row][vc_row css=&#8221;.vc_custom_1471950035929{margin-bottom: 75px !important;}&#8221;][vc_column width=&#8221;1\/3&#8243; el_class=&#8221;vertical_separator&#8221; css=&#8221;.vc_custom_1471944647376{padding-top: 30px !important;padding-right: 20px !important;padding-left: 20px !important;}&#8221;][vc_single_image image=&#8221;1137&#8243; img_size=&#8221;full&#8221;][\/vc_column][vc_column width=&#8221;1\/3&#8243; el_class=&#8221;vertical_separator&#8221; css=&#8221;.vc_custom_1471944655376{padding-top: 30px !important;padding-right: 20px !important;padding-left: 20px !important;}&#8221;][vc_single_image image=&#8221;1138&#8243; img_size=&#8221;full&#8221;][\/vc_column][vc_column width=&#8221;1\/3&#8243; css=&#8221;.vc_custom_1471944660831{padding-top: 30px !important;padding-right: 20px !important;padding-left: 20px !important;}&#8221;][vc_single_image image=&#8221;1139&#8243; img_size=&#8221;full&#8221;][\/vc_column][\/vc_row][vc_row css=&#8221;.vc_custom_1471950041308{margin-bottom: 75px !important;}&#8221;][vc_column width=&#8221;1\/3&#8243; el_class=&#8221;vertical_separator&#8221; css=&#8221;.vc_custom_1471944647376{padding-top: 30px !important;padding-right: 20px !important;padding-left: 20px !important;}&#8221;][vc_single_image image=&#8221;473&#8243; img_size=&#8221;full&#8221;][\/vc_column][vc_column width=&#8221;1\/3&#8243; el_class=&#8221;vertical_separator&#8221; css=&#8221;.vc_custom_1471944655376{padding-top: 30px !important;padding-right: 20px !important;padding-left: 20px !important;}&#8221;][vc_single_image image=&#8221;474&#8243; img_size=&#8221;full&#8221;][\/vc_column][vc_column width=&#8221;1\/3&#8243; css=&#8221;.vc_custom_1471944660831{padding-top: 30px !important;padding-right: 20px !important;padding-left: 20px !important;}&#8221;][vc_single_image image=&#8221;475&#8243; img_size=&#8221;full&#8221;][\/vc_column][\/vc_row][vc_row css=&#8221;.vc_custom_1471950045292{margin-bottom: 75px !important;}&#8221;][vc_column width=&#8221;1\/3&#8243; el_class=&#8221;vertical_separator&#8221; css=&#8221;.vc_custom_1471944647376{padding-top: 30px !important;padding-right: 20px !important;padding-left: 20px !important;}&#8221;][vc_single_image image=&#8221;476&#8243; img_size=&#8221;full&#8221;][\/vc_column][vc_column width=&#8221;1\/3&#8243; el_class=&#8221;vertical_separator&#8221; css=&#8221;.vc_custom_1471944655376{padding-top: 30px !important;padding-right: 20px !important;padding-left: 20px !important;}&#8221;][vc_single_image image=&#8221;477&#8243; img_size=&#8221;full&#8221;][\/vc_column][vc_column width=&#8221;1\/3&#8243; css=&#8221;.vc_custom_1471944660831{padding-top: 30px !important;padding-right: 20px !important;padding-left: 20px !important;}&#8221;][vc_single_image image=&#8221;478&#8243; img_size=&#8221;full&#8221;][\/vc_column][\/vc_row][vc_row css=&#8221;.vc_custom_1471950048810{margin-bottom: 75px !important;}&#8221;][vc_column width=&#8221;1\/3&#8243; el_class=&#8221;vertical_separator&#8221; css=&#8221;.vc_custom_1471944647376{padding-top: 30px !important;padding-right: 20px !important;padding-left: 20px !important;}&#8221;][vc_single_image image=&#8221;479&#8243; img_size=&#8221;full&#8221;][\/vc_column][vc_column width=&#8221;1\/3&#8243; el_class=&#8221;vertical_separator&#8221; css=&#8221;.vc_custom_1471944655376{padding-top: 30px !important;padding-right: 20px !important;padding-left: 20px !important;}&#8221;][vc_single_image image=&#8221;480&#8243; img_size=&#8221;full&#8221;][\/vc_column][vc_column width=&#8221;1\/3&#8243; css=&#8221;.vc_custom_1471944660831{padding-top: 30px !important;padding-right: 20px !important;padding-left: 20px !important;}&#8221;][vc_single_image image=&#8221;481&#8243; img_size=&#8221;full&#8221;][\/vc_column][\/vc_row][vc_row css=&#8221;.vc_custom_1471950048810{margin-bottom: 75px !important;}&#8221;][vc_column width=&#8221;2\/3&#8243; el_class=&#8221;vertical_separator&#8221; css=&#8221;.vc_custom_1480579393735{padding-top: 30px !important;}&#8221;][vc_single_image image=&#8221;980&#8243; img_size=&#8221;full&#8221;][\/vc_column][vc_column width=&#8221;1\/3&#8243; css=&#8221;.vc_custom_1480579469902{padding-top: 30px !important;}&#8221;][vc_single_image image=&#8221;984&#8243; img_size=&#8221;full&#8221;][\/vc_column][\/vc_row][vc_row][vc_column][vc_empty_space height=&#8221;15px&#8221;][vc_separator color=&#8221;custom&#8221; style=&#8221;dashed&#8221; el_width=&#8221;60&#8243; accent_color=&#8221;#9facb4&#8243;][\/vc_column][\/vc_row][vc_row css=&#8221;.vc_custom_1471962421093{margin-top: 70px !important;margin-bottom: 0px !important;}&#8221;][vc_column width=&#8221;1\/2&#8243; css=&#8221;.vc_custom_1468933251555{margin-top: 30px !important;}&#8221;][vc_column_text]<\/p>\n<h1>SERVI\u00c7O DE DESGASTE &#8211; REFORMA E REPARO DE ACESS\u00d3RIOS E OUTROS EQUIPAMENTOS DE M\u00c1QUINAS DE CONSTRU\u00c7\u00c3O<\/h1>\n<p>[\/vc_column_text][vc_row_inner][vc_column_inner][vc_column_text]Realizamos reparos de desgaste em uma ampla variedade de dispositivos e equipamentos de acordo com as suas necessidades e especifica\u00e7\u00f5es. A repara\u00e7\u00e3o completa do equipamento inclui a desmontagem das pe\u00e7as desgastadas, a nova produ\u00e7\u00e3o das mesmas e a sua montagem. A nossa serralheria renova os seus equipamentos com a\u00e7os particularmente resistentes ao desgaste.[\/vc_column_text][\/vc_column_inner][\/vc_row_inner][\/vc_column][vc_column width=&#8221;1\/2&#8243; css=&#8221;.vc_custom_1478779808092{padding: 30px !important;}&#8221;]<div class=\"cqcarousel-container \" data-slidestoshow=\"1\" data-thumbstoshow=\"7\" data-dots=\"no\" data-arrows=\"yes\" data-isgallery=\"\" data-largeimagearrows=\"yes\" data-autoplay=\"yes\" data-autoplayspeed=\"4000\" data-containerwidth=\"\" data-containermaxwidth=\"\" data-imgnum=\"5\" data-bottomversion=\"\" data-dotbottom=\"\" data-lightboxmode=\"prettyphoto\"><div class=\"carousel-thumb \"><div title=\"\"><a href=\"https:\/\/ebev.de\/wp-content\/uploads\/2016\/06\/verschleissservice1.jpg\" class=\"cqcarousel-item\" data-rel=\"prettyPhoto[rel-2142-380013153]\" rel=\"prettyPhoto[rel-2142-380013153]\"><img decoding=\"async\" src=\"https:\/\/ebev.de\/wp-content\/uploads\/2016\/06\/verschleissservice1.jpg\" alt=\"\" title=\"verschleissservice1\" \/><\/a><\/div><div title=\"\"><a href=\"https:\/\/ebev.de\/wp-content\/uploads\/2016\/06\/verschleissservice2.jpg\" class=\"cqcarousel-item\" data-rel=\"prettyPhoto[rel-2142-380013153]\" rel=\"prettyPhoto[rel-2142-380013153]\"><img decoding=\"async\" src=\"https:\/\/ebev.de\/wp-content\/uploads\/2016\/06\/verschleissservice2.jpg\" alt=\"\" title=\"verschleissservice2\" \/><\/a><\/div><div title=\"\"><a href=\"https:\/\/ebev.de\/wp-content\/uploads\/2016\/06\/verschleissservice3.jpg\" class=\"cqcarousel-item\" data-rel=\"prettyPhoto[rel-2142-380013153]\" rel=\"prettyPhoto[rel-2142-380013153]\"><img decoding=\"async\" src=\"https:\/\/ebev.de\/wp-content\/uploads\/2016\/06\/verschleissservice3.jpg\" alt=\"\" title=\"verschleissservice3\" \/><\/a><\/div><div title=\"\"><a href=\"https:\/\/ebev.de\/wp-content\/uploads\/2016\/06\/verschleissservice4.jpg\" class=\"cqcarousel-item\" data-rel=\"prettyPhoto[rel-2142-380013153]\" rel=\"prettyPhoto[rel-2142-380013153]\"><img decoding=\"async\" src=\"https:\/\/ebev.de\/wp-content\/uploads\/2016\/06\/verschleissservice4.jpg\" alt=\"\" title=\"verschleissservice4\" \/><\/a><\/div><div title=\"\"><a href=\"https:\/\/ebev.de\/wp-content\/uploads\/2016\/06\/verschleissservice5.jpg\" class=\"cqcarousel-item\" data-rel=\"prettyPhoto[rel-2142-380013153]\" rel=\"prettyPhoto[rel-2142-380013153]\"><img decoding=\"async\" src=\"https:\/\/ebev.de\/wp-content\/uploads\/2016\/06\/verschleissservice5.jpg\" alt=\"\" title=\"verschleissservice5\" \/><\/a><\/div><\/div><\/div>[\/vc_column][\/vc_row]<\/p>\n","protected":false},"excerpt":{"rendered":"<p>[vc_row bg_type=&#8221;image&#8221; parallax_style=&#8221;vcpb-default&#8221; bg_image_new=&#8221;id^1011|url^https:\/\/ebev.de\/wp-content\/uploads\/2016\/06\/highlight_blau.png|caption^null|alt^null|title^highlight_blau|description^null&#8221; bg_image_repeat=&#8221;no-repeat&#8221; bg_image_size=&#8221;contain&#8221; bg_override=&#8221;ex-full&#8221; css=&#8221;.vc_custom_1480579051954{margin-top: 70px !important;margin-bottom: 10px !important;}&#8221; el_class=&#8221;bg-blau&#8221;][vc_column width=&#8221;1\/2&#8243; css=&#8221;.vc_custom_1480579161245{margin-top: 100px !important;}&#8221;][vc_column_text] Usinagem e processamento de placas de desgaste Hardox [\/vc_column_text][vc_row_inner][vc_column_inner][vc_column_text]A<span class=\"excerpt-hellip\"> [\u2026]<\/span><\/p>\n","protected":false},"author":1,"featured_media":0,"parent":2122,"menu_order":1,"comment_status":"closed","ping_status":"closed","template":"","meta":{"footnotes":""},"class_list":["post-2142","page","type-page","status-publish","hentry"],"aioseo_notices":[],"_links":{"self":[{"href":"https:\/\/ebev.de\/pt-pt\/wp-json\/wp\/v2\/pages\/2142","targetHints":{"allow":["GET"]}}],"collection":[{"href":"https:\/\/ebev.de\/pt-pt\/wp-json\/wp\/v2\/pages"}],"about":[{"href":"https:\/\/ebev.de\/pt-pt\/wp-json\/wp\/v2\/types\/page"}],"author":[{"embeddable":true,"href":"https:\/\/ebev.de\/pt-pt\/wp-json\/wp\/v2\/users\/1"}],"replies":[{"embeddable":true,"href":"https:\/\/ebev.de\/pt-pt\/wp-json\/wp\/v2\/comments?post=2142"}],"version-history":[{"count":3,"href":"https:\/\/ebev.de\/pt-pt\/wp-json\/wp\/v2\/pages\/2142\/revisions"}],"predecessor-version":[{"id":2145,"href":"https:\/\/ebev.de\/pt-pt\/wp-json\/wp\/v2\/pages\/2142\/revisions\/2145"}],"up":[{"embeddable":true,"href":"https:\/\/ebev.de\/pt-pt\/wp-json\/wp\/v2\/pages\/2122"}],"wp:attachment":[{"href":"https:\/\/ebev.de\/pt-pt\/wp-json\/wp\/v2\/media?parent=2142"}],"curies":[{"name":"wp","href":"https:\/\/api.w.org\/{rel}","templated":true}]}}