{"id":2146,"date":"2016-06-30T08:37:37","date_gmt":"2016-06-30T06:37:37","guid":{"rendered":"https:\/\/ebev.de\/produtos\/blechbearbeitung-und-zerspanung\/"},"modified":"2022-05-17T09:27:13","modified_gmt":"2022-05-17T07:27:13","slug":"usinagem-e-processamento-de-placas-metalicas","status":"publish","type":"page","link":"https:\/\/ebev.de\/pt-pt\/produtos\/usinagem-e-processamento-de-placas-metalicas\/","title":{"rendered":"USINAGEM E PROCESSAMENTO DE PLACAS MET\u00c1LICAS"},"content":{"rendered":"<p>[vc_row css=&#8221;.vc_custom_1471857525269{margin-top: 70px !important;margin-bottom: 30px !important;}&#8221;][vc_column width=&#8221;1\/6&#8243; css=&#8221;.vc_custom_1468933251555{margin-top: 30px !important;}&#8221;][\/vc_column][vc_column width=&#8221;2\/3&#8243;][vc_column_text]<\/p>\n<h1 style=\"text-align: center;\">USINAGEM E PROCESSAMENTO DE PLACAS MET\u00c1LICAS<\/h1>\n<p>[\/vc_column_text][vc_column_text]<\/p>\n<p style=\"text-align: center;\">Em 1996, a nossa empresa adquiriu a primeira m\u00e1quina computadorizada controlada numericamente. Desde ent\u00e3o, essa \u00e1rea tem se expandindo constantemente.<\/p>\n<p style=\"text-align: center;\">Os nossos especialistas treinados na \u00e1rea de produ\u00e7\u00e3o, bem como o nosso pr\u00f3prio departamento de projetos podem fornecer uma solu\u00e7\u00e3o para quase todos os seus requisitos. Com base em desenhos ou amostras de constru\u00e7\u00e3o, podemos adquirir o material necess\u00e1rio e fabricar a sua pe\u00e7a desejada.<br \/>\nClaro que tamb\u00e9m assumimos uma parte da sua produ\u00e7\u00e3o.<br \/>\nN\u00e3o consegue realizar uma etapa da sua produ\u00e7\u00e3o ou n\u00e3o tem o tempo necess\u00e1rio? Neste caso, podemos oferecer-lhe servi\u00e7os nas \u00e1reas de corte por chama, soldagem, dobragem, rolagem, torneamento, fresagem, rosqueamento, fura\u00e7\u00e3o profunda e lixamento.<\/p>\n<p>[\/vc_column_text][\/vc_column][vc_column width=&#8221;1\/6&#8243;][\/vc_column][\/vc_row][vc_row][vc_column][vc_separator color=&#8221;custom&#8221; style=&#8221;dashed&#8221; el_width=&#8221;70&#8243; accent_color=&#8221;#98a0b5&#8243;][vc_empty_space height=&#8221;15px&#8221;][\/vc_column][\/vc_row][vc_row][vc_column][vc_column_text]<\/p>\n<h1 style=\"text-align: center;\">Atividades principais<\/h1>\n<p>[\/vc_column_text][vc_tta_tour style=&#8221;flat&#8221; shape=&#8221;square&#8221; color=&#8221;white&#8221; active_section=&#8221;1&#8243; no_fill_content_area=&#8221;true&#8221;][vc_tta_section title=&#8221;Corte por chama&#8221; tab_id=&#8221;1478010366169-e9d5adb1-30e6&#8243;][vc_row_inner][vc_column_inner][vc_gallery type=&#8221;flexslider_slide&#8221; interval=&#8221;3&#8243; images=&#8221;807,808,809&#8243; img_size=&#8221;full&#8221; onclick=&#8221;&#8221;][\/vc_column_inner][\/vc_row_inner][\/vc_tta_section][vc_tta_section title=&#8221;Soldagem&#8221; tab_id=&#8221;1478010366216-a6414b1a-8341&#8243;][vc_row_inner][vc_column_inner][vc_gallery type=&#8221;flexslider_slide&#8221; interval=&#8221;3&#8243; images=&#8221;1065,811,846,847,862&#8243; img_size=&#8221;full&#8221; onclick=&#8221;&#8221;][\/vc_column_inner][\/vc_row_inner][\/vc_tta_section][vc_tta_section title=&#8221;Dobragem&#8221; tab_id=&#8221;1478010677470-03bcb406-5cb0&#8243;][vc_row_inner][vc_column_inner][vc_gallery type=&#8221;flexslider_slide&#8221; interval=&#8221;3&#8243; images=&#8221;812,849&#8243; img_size=&#8221;full&#8221; onclick=&#8221;&#8221;][\/vc_column_inner][\/vc_row_inner][\/vc_tta_section][vc_tta_section title=&#8221;Rolagem&#8221; tab_id=&#8221;1478010723800-301cdb38-13c3&#8243;][vc_row_inner][vc_column_inner][vc_gallery type=&#8221;flexslider_slide&#8221; interval=&#8221;3&#8243; images=&#8221;813,814,815,859,860&#8243; img_size=&#8221;full&#8221; onclick=&#8221;&#8221;][\/vc_column_inner][\/vc_row_inner][\/vc_tta_section][vc_tta_section title=&#8221;Torneamento&#8221; tab_id=&#8221;1478010779871-cbd09af5-6454&#8243;][vc_row_inner][vc_column_inner][vc_gallery type=&#8221;flexslider_slide&#8221; interval=&#8221;3&#8243; images=&#8221;816,992,991,854,855&#8243; img_size=&#8221;full&#8221; onclick=&#8221;&#8221;][\/vc_column_inner][\/vc_row_inner][\/vc_tta_section][vc_tta_section title=&#8221;Fresagem&#8221; tab_id=&#8221;1478010808977-bc69d8b1-9312&#8243;][vc_row_inner][vc_column_inner][vc_gallery type=&#8221;flexslider_slide&#8221; interval=&#8221;3&#8243; images=&#8221;817,818,820,821,857,960&#8243; img_size=&#8221;full&#8221; onclick=&#8221;&#8221;][\/vc_column_inner][\/vc_row_inner][\/vc_tta_section][vc_tta_section title=&#8221;Rosqueamento&#8221; tab_id=&#8221;1478010832050-de983830-6937&#8243;][vc_row_inner][vc_column_inner][vc_gallery type=&#8221;flexslider_slide&#8221; interval=&#8221;3&#8243; images=&#8221;824,825,826&#8243; img_size=&#8221;full&#8221; onclick=&#8221;&#8221;][\/vc_column_inner][\/vc_row_inner][\/vc_tta_section][vc_tta_section title=&#8221;Fura\u00e7\u00e3o profunda&#8221; tab_id=&#8221;1478010862573-d89129e7-d136&#8243;][vc_row_inner][vc_column_inner][vc_gallery type=&#8221;flexslider_slide&#8221; interval=&#8221;3&#8243; images=&#8221;827&#8243; img_size=&#8221;full&#8221; onclick=&#8221;&#8221;][\/vc_column_inner][\/vc_row_inner][\/vc_tta_section][vc_tta_section title=&#8221;Lixamento&#8221; tab_id=&#8221;1478010887458-8e3c5c5d-545a&#8221;][vc_row_inner][vc_column_inner][vc_gallery type=&#8221;flexslider_slide&#8221; interval=&#8221;3&#8243; images=&#8221;828,829,830&#8243; img_size=&#8221;full&#8221; onclick=&#8221;&#8221;][\/vc_column_inner][\/vc_row_inner][\/vc_tta_section][\/vc_tta_tour][\/vc_column][\/vc_row]<\/p>\n","protected":false},"excerpt":{"rendered":"<p>[vc_row css=&#8221;.vc_custom_1471857525269{margin-top: 70px !important;margin-bottom: 30px !important;}&#8221;][vc_column width=&#8221;1\/6&#8243; css=&#8221;.vc_custom_1468933251555{margin-top: 30px !important;}&#8221;][\/vc_column][vc_column width=&#8221;2\/3&#8243;][vc_column_text] USINAGEM E PROCESSAMENTO DE PLACAS MET\u00c1LICAS [\/vc_column_text][vc_column_text] Em 1996, a nossa empresa adquiriu a primeira<span class=\"excerpt-hellip\"> [\u2026]<\/span><\/p>\n","protected":false},"author":1,"featured_media":0,"parent":2122,"menu_order":2,"comment_status":"closed","ping_status":"closed","template":"","meta":{"footnotes":""},"class_list":["post-2146","page","type-page","status-publish","hentry"],"aioseo_notices":[],"_links":{"self":[{"href":"https:\/\/ebev.de\/pt-pt\/wp-json\/wp\/v2\/pages\/2146","targetHints":{"allow":["GET"]}}],"collection":[{"href":"https:\/\/ebev.de\/pt-pt\/wp-json\/wp\/v2\/pages"}],"about":[{"href":"https:\/\/ebev.de\/pt-pt\/wp-json\/wp\/v2\/types\/page"}],"author":[{"embeddable":true,"href":"https:\/\/ebev.de\/pt-pt\/wp-json\/wp\/v2\/users\/1"}],"replies":[{"embeddable":true,"href":"https:\/\/ebev.de\/pt-pt\/wp-json\/wp\/v2\/comments?post=2146"}],"version-history":[{"count":2,"href":"https:\/\/ebev.de\/pt-pt\/wp-json\/wp\/v2\/pages\/2146\/revisions"}],"predecessor-version":[{"id":2148,"href":"https:\/\/ebev.de\/pt-pt\/wp-json\/wp\/v2\/pages\/2146\/revisions\/2148"}],"up":[{"embeddable":true,"href":"https:\/\/ebev.de\/pt-pt\/wp-json\/wp\/v2\/pages\/2122"}],"wp:attachment":[{"href":"https:\/\/ebev.de\/pt-pt\/wp-json\/wp\/v2\/media?parent=2146"}],"curies":[{"name":"wp","href":"https:\/\/api.w.org\/{rel}","templated":true}]}}