{"id":2149,"date":"2016-06-30T08:37:37","date_gmt":"2016-06-30T06:37:37","guid":{"rendered":"https:\/\/ebev.de\/produtos\/rammschutz\/"},"modified":"2022-05-17T09:54:35","modified_gmt":"2022-05-17T07:54:35","slug":"protecao-contra-colisoes","status":"publish","type":"page","link":"https:\/\/ebev.de\/pt-pt\/produtos\/protecao-contra-colisoes\/","title":{"rendered":"Prote\u00e7\u00e3o contra colis\u00f5es"},"content":{"rendered":"<p>[vc_row full_width=&#8221;stretch_row&#8221; parallax=&#8221;content-moving&#8221; parallax_image=&#8221;178&#8243; parallax_speed_bg=&#8221;1.75&#8243;][vc_column][vc_column_text css=&#8221;.vc_custom_1652772653608{padding-right: 50px !important;padding-left: 50px !important;}&#8221;]<\/p>\n<h3 style=\"text-align: center;\">Prote\u00e7\u00e3o contra colis\u00f5es<\/h3>\n<p>[\/vc_column_text][vc_column_text]<\/p>\n<p style=\"text-align: center;\">Apresentamos excel\u00eancia quando se trata de exig\u00eancias na prote\u00e7\u00e3o individual contra colis\u00f5es.<\/p>\n<p style=\"text-align: center;\">Factos e benef\u00edcios:<\/p>\n<p>[\/vc_column_text][vc_separator color=&#8221;blue&#8221; style=&#8221;dashed&#8221; border_width=&#8221;2&#8243; el_width=&#8221;60&#8243;][vc_row_inner css=&#8221;.vc_custom_1468922306929{margin: 0px !important;border-width: 0px !important;padding: 0px !important;}&#8221;][vc_column_inner width=&#8221;1\/12&#8243; css=&#8221;.vc_custom_1468922745362{margin: 0px !important;border-width: 0px !important;padding: 0px !important;}&#8221;][vc_single_image image=&#8221;279&#8243; img_size=&#8221;full&#8221; css=&#8221;.vc_custom_1468923611363{margin-top: 0px !important;margin-right: 0px !important;margin-bottom: 0px !important;margin-left: 0px !important;border-top-width: 0px !important;border-right-width: 0px !important;border-bottom-width: 0px !important;border-left-width: 0px !important;padding-top: 0px !important;padding-right: 0px !important;padding-bottom: 0px !important;padding-left: 0px !important;}&#8221;][\/vc_column_inner][vc_column_inner width=&#8221;11\/12&#8243; css=&#8221;.vc_custom_1468922311710{margin: 0px !important;border-width: 0px !important;padding: 0px !important;}&#8221;][vc_column_text css=&#8221;.vc_custom_1652772776445{margin-top: 0px !important;margin-right: 0px !important;margin-bottom: 0px !important;margin-left: 0px !important;border-top-width: 0px !important;border-right-width: 0px !important;border-bottom-width: 0px !important;border-left-width: 0px !important;padding-top: 14px !important;padding-right: 0px !important;padding-bottom: 0px !important;padding-left: 0px !important;}&#8221;]A nossa prote\u00e7\u00e3o contra impactos \u00e9 extramente resistente ao desgaste e de excelente qualidade de produ\u00e7\u00e3o.[\/vc_column_text][\/vc_column_inner][\/vc_row_inner][vc_row_inner css=&#8221;.vc_custom_1468923139291{margin-top: 0px !important;margin-right: 0px !important;margin-bottom: 0px !important;margin-left: 0px !important;border-top-width: 0px !important;border-right-width: 0px !important;border-bottom-width: 0px !important;border-left-width: 0px !important;padding-top: 0px !important;padding-right: 0px !important;padding-bottom: 0px !important;padding-left: 0px !important;}&#8221;][vc_column_inner width=&#8221;1\/12&#8243; css=&#8221;.vc_custom_1468922745362{margin: 0px !important;border-width: 0px !important;padding: 0px !important;}&#8221;][vc_single_image image=&#8221;293&#8243; img_size=&#8221;full&#8221; css=&#8221;.vc_custom_1468924533764{margin: 0px !important;border-width: 0px !important;padding: 0px !important;}&#8221;][\/vc_column_inner][vc_column_inner width=&#8221;11\/12&#8243; css=&#8221;.vc_custom_1468922311710{margin: 0px !important;border-width: 0px !important;padding: 0px !important;}&#8221;][vc_column_text css=&#8221;.vc_custom_1652772792904{margin-top: 0px !important;margin-right: 0px !important;margin-bottom: 0px !important;margin-left: 0px !important;border-top-width: 0px !important;border-right-width: 0px !important;border-bottom-width: 0px !important;border-left-width: 0px !important;padding-top: 14px !important;padding-right: 0px !important;padding-bottom: 0px !important;padding-left: 0px !important;}&#8221;]Oferece uma prote\u00e7\u00e3o mais eficaz para as suas instala\u00e7\u00f5es de armazenamento e reduz o tempo de inatividade e custos de reparo.[\/vc_column_text][\/vc_column_inner][\/vc_row_inner][vc_row_inner css=&#8221;.vc_custom_1468923139291{margin-top: 0px !important;margin-right: 0px !important;margin-bottom: 0px !important;margin-left: 0px !important;border-top-width: 0px !important;border-right-width: 0px !important;border-bottom-width: 0px !important;border-left-width: 0px !important;padding-top: 0px !important;padding-right: 0px !important;padding-bottom: 0px !important;padding-left: 0px !important;}&#8221;][vc_column_inner width=&#8221;1\/12&#8243; css=&#8221;.vc_custom_1468922745362{margin: 0px !important;border-width: 0px !important;padding: 0px !important;}&#8221;][vc_single_image image=&#8221;313&#8243; img_size=&#8221;full&#8221; css=&#8221;.vc_custom_1468924501825{margin: 0px !important;border-width: 0px !important;padding: 0px !important;}&#8221;][\/vc_column_inner][vc_column_inner width=&#8221;11\/12&#8243; css=&#8221;.vc_custom_1468922311710{margin: 0px !important;border-width: 0px !important;padding: 0px !important;}&#8221;][vc_column_text css=&#8221;.vc_custom_1652772821268{margin-top: 0px !important;margin-right: 0px !important;margin-bottom: 0px !important;margin-left: 0px !important;border-top-width: 0px !important;border-right-width: 0px !important;border-bottom-width: 0px !important;border-left-width: 0px !important;padding-top: 14px !important;padding-right: 0px !important;padding-bottom: 0px !important;padding-left: 0px !important;}&#8221;]Os nossos engenheiros e t\u00e9cnicos adaptam as prote\u00e7\u00f5es de impacto \u00e0s suas necessidades empresariais.[\/vc_column_text][\/vc_column_inner][\/vc_row_inner][vc_row_inner css=&#8221;.vc_custom_1468923139291{margin-top: 0px !important;margin-right: 0px !important;margin-bottom: 0px !important;margin-left: 0px !important;border-top-width: 0px !important;border-right-width: 0px !important;border-bottom-width: 0px !important;border-left-width: 0px !important;padding-top: 0px !important;padding-right: 0px !important;padding-bottom: 0px !important;padding-left: 0px !important;}&#8221;][vc_column_inner width=&#8221;1\/12&#8243; css=&#8221;.vc_custom_1468922745362{margin: 0px !important;border-width: 0px !important;padding: 0px !important;}&#8221;][vc_single_image image=&#8221;314&#8243; img_size=&#8221;full&#8221; css=&#8221;.vc_custom_1468924508103{margin: 0px !important;border-width: 0px !important;padding: 0px !important;}&#8221;][\/vc_column_inner][vc_column_inner width=&#8221;11\/12&#8243; css=&#8221;.vc_custom_1468922311710{margin: 0px !important;border-width: 0px !important;padding: 0px !important;}&#8221;][vc_column_text css=&#8221;.vc_custom_1652772859470{margin-top: 0px !important;margin-right: 0px !important;margin-bottom: 0px !important;margin-left: 0px !important;border-top-width: 0px !important;border-right-width: 0px !important;border-bottom-width: 0px !important;border-left-width: 0px !important;padding-top: 14px !important;padding-right: 0px !important;padding-bottom: 0px !important;padding-left: 0px !important;}&#8221;]A prote\u00e7\u00e3o contra colis\u00f5es para a sua empresa \u00e9 fabricada profissionalmente pelo nosso departamento de produ\u00e7\u00e3o utilizando a mais recente tecnologia de laser e de CNC.[\/vc_column_text][\/vc_column_inner][\/vc_row_inner][vc_row_inner css=&#8221;.vc_custom_1468923139291{margin-top: 0px !important;margin-right: 0px !important;margin-bottom: 0px !important;margin-left: 0px !important;border-top-width: 0px !important;border-right-width: 0px !important;border-bottom-width: 0px !important;border-left-width: 0px !important;padding-top: 0px !important;padding-right: 0px !important;padding-bottom: 0px !important;padding-left: 0px !important;}&#8221;][vc_column_inner width=&#8221;1\/12&#8243; css=&#8221;.vc_custom_1468922745362{margin: 0px !important;border-width: 0px !important;padding: 0px !important;}&#8221;][vc_single_image image=&#8221;315&#8243; img_size=&#8221;full&#8221; css=&#8221;.vc_custom_1468924515831{margin: 0px !important;border-width: 0px !important;padding: 0px !important;}&#8221;][\/vc_column_inner][vc_column_inner width=&#8221;11\/12&#8243; css=&#8221;.vc_custom_1468922311710{margin: 0px !important;border-width: 0px !important;padding: 0px !important;}&#8221;][vc_column_text css=&#8221;.vc_custom_1652772905146{margin-top: 0px !important;margin-right: 0px !important;margin-bottom: 0px !important;margin-left: 0px !important;border-top-width: 0px !important;border-right-width: 0px !important;border-bottom-width: 0px !important;border-left-width: 0px !important;padding-top: 14px !important;padding-right: 0px !important;padding-bottom: 0px !important;padding-left: 0px !important;}&#8221;]Devido \u00e0s excelentes caracter\u00edsticas f\u00edsicas dos nossos cones de prote\u00e7\u00e3o contra impacto, at\u00e9 mesmo as colis\u00f5es mais fortes de empilhadeiras e porta paletes el\u00e9tricos s\u00e3o absorvidas.[\/vc_column_text][\/vc_column_inner][\/vc_row_inner][vc_row_inner css=&#8221;.vc_custom_1468923139291{margin-top: 0px !important;margin-right: 0px !important;margin-bottom: 0px !important;margin-left: 0px !important;border-top-width: 0px !important;border-right-width: 0px !important;border-bottom-width: 0px !important;border-left-width: 0px !important;padding-top: 0px !important;padding-right: 0px !important;padding-bottom: 0px !important;padding-left: 0px !important;}&#8221;][vc_column_inner width=&#8221;1\/12&#8243; css=&#8221;.vc_custom_1468922745362{margin: 0px !important;border-width: 0px !important;padding: 0px !important;}&#8221;][vc_single_image image=&#8221;316&#8243; img_size=&#8221;full&#8221;][\/vc_column_inner][vc_column_inner width=&#8221;11\/12&#8243; css=&#8221;.vc_custom_1468922311710{margin: 0px !important;border-width: 0px !important;padding: 0px !important;}&#8221;][vc_column_text css=&#8221;.vc_custom_1652772931788{margin-top: 0px !important;margin-right: 0px !important;margin-bottom: 0px !important;margin-left: 0px !important;border-top-width: 0px !important;border-right-width: 0px !important;border-bottom-width: 0px !important;border-left-width: 0px !important;padding-top: 14px !important;padding-right: 0px !important;padding-bottom: 0px !important;padding-left: 0px !important;}&#8221;]O uso de a\u00e7os de alta qualidade, juntamente com as nossas d\u00e9cadas de experi\u00eancia, com produtos feitos sob medida no setor metal\u00fargico garantem um longo servi\u00e7o.[\/vc_column_text][\/vc_column_inner][\/vc_row_inner][\/vc_column][\/vc_row][vc_row][vc_column][vc_empty_space][\/vc_column][\/vc_row][vc_row css=&#8221;.vc_custom_1467641628601{margin-top: 35px !important;}&#8221;][vc_column width=&#8221;1\/2&#8243;]<div class=\"cqcarousel-container \" data-slidestoshow=\"1\" data-thumbstoshow=\"7\" data-dots=\"no\" data-arrows=\"yes\" data-isgallery=\"\" data-largeimagearrows=\"yes\" data-autoplay=\"yes\" data-autoplayspeed=\"3000\" data-containerwidth=\"\" data-containermaxwidth=\"\" data-imgnum=\"2\" data-bottomversion=\"\" data-dotbottom=\"\" data-lightboxmode=\"prettyphoto\"><div class=\"carousel-thumb \"><div title=\"\"><img decoding=\"async\" src=\"https:\/\/ebev.de\/wp-content\/uploads\/2016\/06\/rammschutz1.jpg\" alt=\"\" \/><\/div><div title=\"\"><img decoding=\"async\" src=\"https:\/\/ebev.de\/wp-content\/uploads\/2016\/06\/rammschutz-12.jpg\" alt=\"\" \/><\/div><\/div><\/div>[\/vc_column][vc_column width=&#8221;1\/2&#8243;][vc_column_text css=&#8221;.vc_custom_1652772974344{margin-top: 0px !important;margin-right: 0px !important;margin-bottom: 10px !important;margin-left: 0px !important;border-top-width: 0px !important;border-right-width: 0px !important;border-bottom-width: 0px !important;border-left-width: 0px !important;padding-top: 0px !important;padding-right: 0px !important;padding-bottom: 0px !important;padding-left: 0px !important;}&#8221;]<\/p>\n<h3>ARMAZ\u00c9M DE PRATELEIRA ELEVADA &#8211; PROTE\u00c7\u00c3O CONTRA IMPACTOS<\/h3>\n<p>[\/vc_column_text][vc_column_text]<\/p>\n<table border=\"0\" width=\"340\" cellspacing=\"1\" cellpadding=\"3\">\n<tbody>\n<tr>\n<td valign=\"top\" bgcolor=\"#BFDAE8\" width=\"23%\"><strong>Item N.\u00ba<\/strong><\/td>\n<td valign=\"top\" bgcolor=\"#BFDAE8\" width=\"34%\"><strong>Designa\u00e7\u00e3o<\/strong><\/td>\n<td valign=\"top\" bgcolor=\"#BFDAE8\" width=\"43%\"><strong>Dimens\u00f5es<\/strong><\/td>\n<\/tr>\n<tr>\n<td valign=\"top\" bgcolor=\"#e9f2f7\">RAMM 0001<\/td>\n<td valign=\"top\" bgcolor=\"#e9f2f7\">Prote\u00e7\u00e3o contra colis\u00f5es<\/td>\n<td valign=\"top\" bgcolor=\"#e9f2f7\">395 mm<\/td>\n<\/tr>\n<tr>\n<td valign=\"top\" bgcolor=\"#e9f2f7\">RAMM 0002<\/td>\n<td valign=\"top\" bgcolor=\"#e9f2f7\">Prote\u00e7\u00e3o contra colis\u00f5es<\/td>\n<td valign=\"top\" bgcolor=\"#e9f2f7\">520 mm<\/td>\n<\/tr>\n<tr>\n<td valign=\"top\" bgcolor=\"#e9f2f7\">RAMM 0008<\/td>\n<td valign=\"top\" bgcolor=\"#e9f2f7\">Cone de Prote\u00e7\u00e3o contra impactos<\/td>\n<td valign=\"top\" bgcolor=\"#e9f2f7\">240 graus, 400 mm de largura<\/td>\n<\/tr>\n<tr>\n<td colspan=\"3\" valign=\"top\" bgcolor=\"#e9f2f7\"><span class=\"smalltxt\">Fabricamos produtos em todas as dimens\u00f5es e espessuras!<\/span><\/td>\n<\/tr>\n<\/tbody>\n<\/table>\n<p>[\/vc_column_text][\/vc_column][vc_column css=&#8221;.vc_custom_1467642298584{margin-top: 50px !important;margin-bottom: 20px !important;}&#8221;][vc_separator style=&#8221;dashed&#8221; border_width=&#8221;2&#8243;][\/vc_column][\/vc_row][vc_row css=&#8221;.vc_custom_1467641628601{margin-top: 35px !important;}&#8221;][vc_column width=&#8221;1\/2&#8243;]<div class=\"cqcarousel-container \" data-slidestoshow=\"1\" data-thumbstoshow=\"7\" data-dots=\"no\" data-arrows=\"yes\" data-isgallery=\"\" data-largeimagearrows=\"yes\" data-autoplay=\"yes\" data-autoplayspeed=\"3000\" data-containerwidth=\"\" data-containermaxwidth=\"\" data-imgnum=\"2\" data-bottomversion=\"\" data-dotbottom=\"\" data-lightboxmode=\"prettyphoto\"><div class=\"carousel-thumb \"><div title=\"\"><img decoding=\"async\" src=\"https:\/\/ebev.de\/wp-content\/uploads\/2016\/06\/rammschutz2.jpg\" alt=\"\" \/><\/div><div title=\"\"><img decoding=\"async\" src=\"https:\/\/ebev.de\/wp-content\/uploads\/2016\/06\/rammschutz-02.jpg\" alt=\"\" \/><\/div><\/div><\/div>[\/vc_column][vc_column width=&#8221;1\/2&#8243;][vc_column_text css=&#8221;.vc_custom_1652773002266{margin-top: 0px !important;margin-right: 0px !important;margin-bottom: 10px !important;margin-left: 0px !important;border-top-width: 0px !important;border-right-width: 0px !important;border-bottom-width: 0px !important;border-left-width: 0px !important;padding-top: 0px !important;padding-right: 0px !important;padding-bottom: 0px !important;padding-left: 0px !important;}&#8221;]<\/p>\n<h3>PORTAS R\u00c1PIDAS \u2013 SERVI\u00c7O REFRIGERADO \u2013 CONES DE PROTE\u00c7\u00c3O CONTRA IMPACTOS<\/h3>\n<p>[\/vc_column_text][vc_column_text]<\/p>\n<table border=\"0\" width=\"340\" cellspacing=\"1\" cellpadding=\"3\">\n<tbody>\n<tr>\n<td valign=\"top\" bgcolor=\"#BFDAE8\" width=\"23%\"><strong>Item N.\u00ba<\/strong><\/td>\n<td valign=\"top\" bgcolor=\"#BFDAE8\" width=\"34%\"><strong>Designa\u00e7\u00e3o<\/strong><\/td>\n<td valign=\"top\" bgcolor=\"#BFDAE8\" width=\"43%\"><strong>Dimens\u00f5es<\/strong><\/td>\n<\/tr>\n<tr>\n<td valign=\"top\" bgcolor=\"#e9f2f7\">RAMM 0028<\/td>\n<td valign=\"top\" bgcolor=\"#e9f2f7\">Cone de Prote\u00e7\u00e3o contra impactos<\/td>\n<td valign=\"top\" bgcolor=\"#e9f2f7\">360 graus, 700 mm de largura<\/td>\n<\/tr>\n<tr>\n<td valign=\"top\" bgcolor=\"#e9f2f7\">RAMM 0029<\/td>\n<td valign=\"top\" bgcolor=\"#e9f2f7\">Cone de Prote\u00e7\u00e3o contra impactos<\/td>\n<td valign=\"top\" bgcolor=\"#e9f2f7\">210 graus, 400 mm de largura<\/td>\n<\/tr>\n<tr>\n<td valign=\"top\" bgcolor=\"#e9f2f7\">RAMM 0031<\/td>\n<td valign=\"top\" bgcolor=\"#e9f2f7\">Cone de Prote\u00e7\u00e3o contra impactos<\/td>\n<td valign=\"top\" bgcolor=\"#e9f2f7\">180 graus, 2200 mm de largura<\/td>\n<\/tr>\n<tr>\n<td colspan=\"3\" valign=\"top\" bgcolor=\"#e9f2f7\"><span class=\"smalltxt\">Fabricamos produtos em todas as dimens\u00f5es e espessuras!<\/span><\/td>\n<\/tr>\n<\/tbody>\n<\/table>\n<p>[\/vc_column_text][\/vc_column][vc_column css=&#8221;.vc_custom_1467642298584{margin-top: 50px !important;margin-bottom: 20px !important;}&#8221;][vc_separator style=&#8221;dashed&#8221; border_width=&#8221;2&#8243;][\/vc_column][\/vc_row][vc_row css=&#8221;.vc_custom_1467641628601{margin-top: 35px !important;}&#8221;][vc_column width=&#8221;1\/2&#8243;]<div class=\"cqcarousel-container \" data-slidestoshow=\"1\" data-thumbstoshow=\"7\" data-dots=\"no\" data-arrows=\"yes\" data-isgallery=\"\" data-largeimagearrows=\"yes\" data-autoplay=\"yes\" data-autoplayspeed=\"3000\" data-containerwidth=\"\" data-containermaxwidth=\"\" data-imgnum=\"2\" data-bottomversion=\"\" data-dotbottom=\"\" data-lightboxmode=\"prettyphoto\"><div class=\"carousel-thumb \"><div title=\"\"><img decoding=\"async\" src=\"https:\/\/ebev.de\/wp-content\/uploads\/2016\/06\/rammschutz3.jpg\" alt=\"\" \/><\/div><div title=\"\"><img decoding=\"async\" src=\"https:\/\/ebev.de\/wp-content\/uploads\/2016\/06\/rammschutz-08.jpg\" alt=\"\" \/><\/div><\/div><\/div>[\/vc_column][vc_column width=&#8221;1\/2&#8243; css=&#8221;.vc_custom_1471862718992{padding-top: 25px !important;}&#8221;][vc_column_text css=&#8221;.vc_custom_1652773549972{margin-top: 0px !important;margin-right: 0px !important;margin-bottom: 10px !important;margin-left: 0px !important;border-top-width: 0px !important;border-right-width: 0px !important;border-bottom-width: 0px !important;border-left-width: 0px !important;padding-top: 0px !important;padding-right: 0px !important;padding-bottom: 0px !important;padding-left: 0px !important;}&#8221;]<\/p>\n<h3>\u00c1REA DE EMBALAGENS VAZIAS &#8211; CONES DE PROTE\u00c7\u00c3O CONTRA IMPACTOS<\/h3>\n<p>[\/vc_column_text][vc_column_text]<\/p>\n<table border=\"0\" width=\"340\" cellspacing=\"1\" cellpadding=\"3\">\n<tbody>\n<tr>\n<td valign=\"top\" bgcolor=\"#BFDAE8\" width=\"23%\"><strong>Item N.\u00ba<\/strong><\/td>\n<td valign=\"top\" bgcolor=\"#BFDAE8\" width=\"34%\"><strong>Designa\u00e7\u00e3o<\/strong><\/td>\n<td valign=\"top\" bgcolor=\"#BFDAE8\" width=\"43%\"><strong>Dimens\u00f5es<\/strong><\/td>\n<\/tr>\n<tr>\n<td valign=\"top\" bgcolor=\"#e9f2f7\">RAMM 0009<\/td>\n<td valign=\"top\" bgcolor=\"#e9f2f7\">Cone de Prote\u00e7\u00e3o contra impactos<\/td>\n<td valign=\"top\" bgcolor=\"#e9f2f7\">180 graus, 500 mm de largura<\/td>\n<\/tr>\n<tr>\n<td valign=\"top\" bgcolor=\"#e9f2f7\">RAMM 0043<\/td>\n<td valign=\"top\" bgcolor=\"#e9f2f7\">Cone de Prote\u00e7\u00e3o contra impactos<\/td>\n<td valign=\"top\" bgcolor=\"#e9f2f7\">360 graus, 700 mm de largura<\/td>\n<\/tr>\n<tr>\n<td valign=\"top\" bgcolor=\"#e9f2f7\">RAMM 0045<\/td>\n<td valign=\"top\" bgcolor=\"#e9f2f7\">Cone de Prote\u00e7\u00e3o contra impactos<\/td>\n<td valign=\"top\" bgcolor=\"#e9f2f7\">360 graus, 400 mm de largura<\/td>\n<\/tr>\n<tr>\n<td colspan=\"3\" valign=\"top\" bgcolor=\"#e9f2f7\"><span class=\"smalltxt\">Fabricamos produtos em todas as dimens\u00f5es e espessuras!<\/span><\/td>\n<\/tr>\n<\/tbody>\n<\/table>\n<p>[\/vc_column_text][\/vc_column][vc_column css=&#8221;.vc_custom_1467642298584{margin-top: 50px !important;margin-bottom: 20px !important;}&#8221;][vc_separator style=&#8221;dashed&#8221; border_width=&#8221;2&#8243;][\/vc_column][\/vc_row][vc_row css=&#8221;.vc_custom_1467641628601{margin-top: 35px !important;}&#8221;][vc_column width=&#8221;1\/2&#8243;]<div class=\"cqcarousel-container \" data-slidestoshow=\"1\" data-thumbstoshow=\"7\" data-dots=\"no\" data-arrows=\"yes\" data-isgallery=\"\" data-largeimagearrows=\"yes\" data-autoplay=\"yes\" data-autoplayspeed=\"3000\" data-containerwidth=\"\" data-containermaxwidth=\"\" data-imgnum=\"2\" data-bottomversion=\"\" data-dotbottom=\"\" data-lightboxmode=\"prettyphoto\"><div class=\"carousel-thumb \"><div title=\"\"><img decoding=\"async\" src=\"https:\/\/ebev.de\/wp-content\/uploads\/2016\/06\/rammschutz4.jpg\" alt=\"\" \/><\/div><div title=\"\"><img decoding=\"async\" src=\"https:\/\/ebev.de\/wp-content\/uploads\/2016\/06\/rammschutz-11.jpg\" alt=\"\" \/><\/div><\/div><\/div>[\/vc_column][vc_column width=&#8221;1\/2&#8243; css=&#8221;.vc_custom_1471862732066{padding-top: 25px !important;}&#8221;][vc_column_text css=&#8221;.vc_custom_1652773737776{margin-top: 0px !important;margin-right: 0px !important;margin-bottom: 10px !important;margin-left: 0px !important;border-top-width: 0px !important;border-right-width: 0px !important;border-bottom-width: 0px !important;border-left-width: 0px !important;padding-top: 0px !important;padding-right: 0px !important;padding-bottom: 0px !important;padding-left: 0px !important;}&#8221;]<\/p>\n<h3>SA\u00cdDA DE MERCADORIAS &#8211; SERVI\u00c7O REFRIGERADO &#8211; CONES DE PROTE\u00c7\u00c3O CONTRA IMPACTOS<\/h3>\n<p>[\/vc_column_text][vc_column_text]<\/p>\n<table border=\"0\" width=\"340\" cellspacing=\"1\" cellpadding=\"3\">\n<tbody>\n<tr>\n<td valign=\"top\" bgcolor=\"#BFDAE8\" width=\"23%\"><strong>Item N.\u00ba<\/strong><\/td>\n<td valign=\"top\" bgcolor=\"#BFDAE8\" width=\"34%\"><strong>Designa\u00e7\u00e3o<\/strong><\/td>\n<td valign=\"top\" bgcolor=\"#BFDAE8\" width=\"43%\"><strong>Dimens\u00f5es<\/strong><\/td>\n<\/tr>\n<tr>\n<td valign=\"top\" bgcolor=\"#e9f2f7\">RAMM 0024<\/td>\n<td valign=\"top\" bgcolor=\"#e9f2f7\">Cone de Prote\u00e7\u00e3o contra impactos<\/td>\n<td valign=\"top\" bgcolor=\"#e9f2f7\">90 graus, 250 mm de largura<\/td>\n<\/tr>\n<tr>\n<td valign=\"top\" bgcolor=\"#e9f2f7\">RAMM 0007<\/td>\n<td valign=\"top\" bgcolor=\"#e9f2f7\">Cone de Prote\u00e7\u00e3o contra impactos<\/td>\n<td valign=\"top\" bgcolor=\"#e9f2f7\">90 graus, 920 mm de largura<\/td>\n<\/tr>\n<tr>\n<td valign=\"top\" bgcolor=\"#e9f2f7\">RAMM 0046<\/td>\n<td valign=\"top\" bgcolor=\"#e9f2f7\">Cone de Prote\u00e7\u00e3o contra impactos<\/td>\n<td valign=\"top\" bgcolor=\"#e9f2f7\">reto, 2500 mm de largura<\/td>\n<\/tr>\n<tr>\n<td colspan=\"3\" valign=\"top\" bgcolor=\"#e9f2f7\"><span class=\"smalltxt\">Fabricamos produtos em todas as dimens\u00f5es e espessuras!<\/span><\/td>\n<\/tr>\n<\/tbody>\n<\/table>\n<p>[\/vc_column_text][\/vc_column][vc_column css=&#8221;.vc_custom_1467642298584{margin-top: 50px !important;margin-bottom: 20px !important;}&#8221;][vc_separator style=&#8221;dashed&#8221; border_width=&#8221;2&#8243;][\/vc_column][\/vc_row][vc_row css=&#8221;.vc_custom_1467641628601{margin-top: 35px !important;}&#8221;][vc_column width=&#8221;1\/2&#8243;]<div class=\"cqcarousel-container \" data-slidestoshow=\"1\" data-thumbstoshow=\"7\" data-dots=\"no\" data-arrows=\"yes\" data-isgallery=\"\" data-largeimagearrows=\"yes\" data-autoplay=\"yes\" data-autoplayspeed=\"3000\" data-containerwidth=\"\" data-containermaxwidth=\"\" data-imgnum=\"2\" data-bottomversion=\"\" data-dotbottom=\"\" data-lightboxmode=\"prettyphoto\"><div class=\"carousel-thumb \"><div title=\"\"><img decoding=\"async\" src=\"https:\/\/ebev.de\/wp-content\/uploads\/2016\/06\/rammschutz5.jpg\" alt=\"\" \/><\/div><div title=\"\"><img decoding=\"async\" src=\"https:\/\/ebev.de\/wp-content\/uploads\/2016\/06\/rammschutz-04.jpg\" alt=\"\" \/><\/div><\/div><\/div>[\/vc_column][vc_column width=&#8221;1\/2&#8243; css=&#8221;.vc_custom_1471862739242{padding-top: 25px !important;}&#8221;][vc_column_text css=&#8221;.vc_custom_1652773946407{margin-top: 0px !important;margin-right: 0px !important;margin-bottom: 10px !important;margin-left: 0px !important;border-top-width: 0px !important;border-right-width: 0px !important;border-bottom-width: 0px !important;border-left-width: 0px !important;padding-top: 0px !important;padding-right: 0px !important;padding-bottom: 0px !important;padding-left: 0px !important;}&#8221;]<\/p>\n<h3>ENTRADA DE MERCADORIAS &#8211; ARMAZ\u00c9M DE PRODUTOS CONGELADOS<\/h3>\n<p>[\/vc_column_text][vc_column_text]<\/p>\n<table border=\"0\" width=\"340\" cellspacing=\"1\" cellpadding=\"3\">\n<tbody>\n<tr>\n<td valign=\"top\" bgcolor=\"#BFDAE8\" width=\"23%\"><strong>Item N.\u00ba<\/strong><\/td>\n<td valign=\"top\" bgcolor=\"#BFDAE8\" width=\"34%\"><strong>Designa\u00e7\u00e3o<\/strong><\/td>\n<td valign=\"top\" bgcolor=\"#BFDAE8\" width=\"43%\"><strong>Dimens\u00f5es<\/strong><\/td>\n<\/tr>\n<tr>\n<td valign=\"top\" bgcolor=\"#e9f2f7\">RAMM 0026<\/td>\n<td valign=\"top\" bgcolor=\"#e9f2f7\">Cone de Prote\u00e7\u00e3o contra impactos<\/td>\n<td valign=\"top\" bgcolor=\"#e9f2f7\">180 graus, 600 mm de largura<\/td>\n<\/tr>\n<tr>\n<td valign=\"top\" bgcolor=\"#e9f2f7\">RAMM 0032<\/td>\n<td valign=\"top\" bgcolor=\"#e9f2f7\">Cone de Prote\u00e7\u00e3o contra impactos<\/td>\n<td valign=\"top\" bgcolor=\"#e9f2f7\">180 graus, 900 mm de largura<\/td>\n<\/tr>\n<tr>\n<td valign=\"top\" bgcolor=\"#e9f2f7\">RAMM 0048<\/td>\n<td valign=\"top\" bgcolor=\"#e9f2f7\">Cone de Prote\u00e7\u00e3o contra impactos<\/td>\n<td valign=\"top\" bgcolor=\"#e9f2f7\">90 graus, 1270 mm de largura<\/td>\n<\/tr>\n<tr>\n<td colspan=\"3\" valign=\"top\" bgcolor=\"#e9f2f7\"><span class=\"smalltxt\">Fabricamos produtos em todas as dimens\u00f5es e espessuras!<\/span><\/td>\n<\/tr>\n<\/tbody>\n<\/table>\n<p>[\/vc_column_text][\/vc_column][vc_column css=&#8221;.vc_custom_1467642298584{margin-top: 50px !important;margin-bottom: 20px !important;}&#8221;][\/vc_column][\/vc_row]<\/p>\n","protected":false},"excerpt":{"rendered":"<p>[vc_row full_width=&#8221;stretch_row&#8221; parallax=&#8221;content-moving&#8221; parallax_image=&#8221;178&#8243; parallax_speed_bg=&#8221;1.75&#8243;][vc_column][vc_column_text css=&#8221;.vc_custom_1652772653608{padding-right: 50px !important;padding-left: 50px !important;}&#8221;] Prote\u00e7\u00e3o contra colis\u00f5es [\/vc_column_text][vc_column_text] Apresentamos excel\u00eancia quando se trata de exig\u00eancias na prote\u00e7\u00e3o individual contra colis\u00f5es.<span class=\"excerpt-hellip\"> [\u2026]<\/span><\/p>\n","protected":false},"author":1,"featured_media":0,"parent":2122,"menu_order":3,"comment_status":"closed","ping_status":"closed","template":"","meta":{"footnotes":""},"class_list":["post-2149","page","type-page","status-publish","hentry"],"aioseo_notices":[],"_links":{"self":[{"href":"https:\/\/ebev.de\/pt-pt\/wp-json\/wp\/v2\/pages\/2149","targetHints":{"allow":["GET"]}}],"collection":[{"href":"https:\/\/ebev.de\/pt-pt\/wp-json\/wp\/v2\/pages"}],"about":[{"href":"https:\/\/ebev.de\/pt-pt\/wp-json\/wp\/v2\/types\/page"}],"author":[{"embeddable":true,"href":"https:\/\/ebev.de\/pt-pt\/wp-json\/wp\/v2\/users\/1"}],"replies":[{"embeddable":true,"href":"https:\/\/ebev.de\/pt-pt\/wp-json\/wp\/v2\/comments?post=2149"}],"version-history":[{"count":3,"href":"https:\/\/ebev.de\/pt-pt\/wp-json\/wp\/v2\/pages\/2149\/revisions"}],"predecessor-version":[{"id":2152,"href":"https:\/\/ebev.de\/pt-pt\/wp-json\/wp\/v2\/pages\/2149\/revisions\/2152"}],"up":[{"embeddable":true,"href":"https:\/\/ebev.de\/pt-pt\/wp-json\/wp\/v2\/pages\/2122"}],"wp:attachment":[{"href":"https:\/\/ebev.de\/pt-pt\/wp-json\/wp\/v2\/media?parent=2149"}],"curies":[{"name":"wp","href":"https:\/\/api.w.org\/{rel}","templated":true}]}}