{"id":2153,"date":"2016-06-30T08:37:37","date_gmt":"2016-06-30T06:37:37","guid":{"rendered":"https:\/\/ebev.de\/produtos\/ebevlift\/"},"modified":"2022-05-17T10:05:15","modified_gmt":"2022-05-17T08:05:15","slug":"ebev-grua","status":"publish","type":"page","link":"https:\/\/ebev.de\/pt-pt\/produtos\/ebev-grua\/","title":{"rendered":"EBEV \u2013 GRUA"},"content":{"rendered":"<p>[vc_row css=&#8221;.vc_custom_1472028743282{margin-top: 50px !important;margin-bottom: 10px !important;}&#8221;][vc_column][vc_column_text]<\/p>\n<h1 style=\"text-align: center;\">EBEV \u2013 GRUA 500<\/h1>\n<p>[\/vc_column_text][vc_column_text]<\/p>\n<p style=\"text-align: center;\">Quer escolha a Grua MH 500 equipada com uma bomba manual hidr\u00e1ulica para o cilindro de eleva\u00e7\u00e3o ou a Grua MW 500 com guincho el\u00e9trico 12\/24 volts e ajuste manual do bra\u00e7o de eleva\u00e7\u00e3o \u2013 a Grua EBEV permite uma montagem r\u00e1pida no ve\u00edculo transportador.<\/p>\n<p style=\"text-align: center;\">Para garantir a seguran\u00e7a absoluta, a EBEV \u2013 Grua 500 cumpre naturalmente com os regulamentos da Diretriz de M\u00e1quinas EN e est\u00e1 marcado com a marca CE.<\/p>\n<p style=\"text-align: center;\">Compacto, vers\u00e1til, seguro!<\/p>\n<p>[\/vc_column_text][\/vc_column][\/vc_row][vc_row css=&#8221;.vc_custom_1472028726886{margin-top: 10px !important;}&#8221;][vc_column css=&#8221;.vc_custom_1467642298584{margin-top: 50px !important;margin-bottom: 20px !important;}&#8221;][vc_separator style=&#8221;dashed&#8221; border_width=&#8221;2&#8243;][\/vc_column][\/vc_row][vc_row css=&#8221;.vc_custom_1472028762780{margin-top: 50px !important;margin-bottom: 30px !important;}&#8221;][vc_column width=&#8221;1\/2&#8243;][vc_single_image image=&#8221;517&#8243; img_size=&#8221;full&#8221;][\/vc_column][vc_column width=&#8221;1\/2&#8243; css=&#8221;.vc_custom_1468933251555{margin-top: 30px !important;}&#8221;][vc_column_text]<\/p>\n<h1>EBEV \u2013 GRUA MH500<\/h1>\n<p>[\/vc_column_text][vc_row_inner el_class=&#8221;ebev-liste&#8221;][vc_column_inner][vc_column_text]com bomba hidr\u00e1ulica manual para o cilindro de eleva\u00e7\u00e3o, equipado com v\u00e1lvula de limite de press\u00e3o<\/p>\n<ul>\n<li class=\"li1\">Cilindro de eleva\u00e7\u00e3o com ruptura de tubo e v\u00e1lvula de freio<span class=\"Apple-converted-space\">\u00a0<\/span><\/li>\n<li class=\"li1\">Bra\u00e7o de eleva\u00e7\u00e3o com uma extens\u00e3o manualmente extens\u00edvel<span class=\"Apple-converted-space\">\u00a0<\/span><\/li>\n<li class=\"li1\">Grua de 360 graus movida manualmente por uma manivela sobre uma<span class=\"Apple-converted-space\">\u00a0<\/span><\/li>\n<li class=\"li1\">Engrenagem sem-fim articul\u00e1vel<span class=\"Apple-converted-space\">\u00a0<\/span><\/li>\n<li class=\"li1\">Suporte manual ajust\u00e1vel em altura, lateralmente regulado e dobrado, montado na base da Grua<span class=\"Apple-converted-space\">\u00a0<\/span><\/li>\n<li class=\"li1\">Base da Grua \u00e9 refor\u00e7ada com furos para fixa\u00e7\u00e3o<span class=\"Apple-converted-space\">\u00a0<\/span><\/li>\n<li class=\"li1\">Suporte de coluna est\u00e1vel com buchas<span class=\"Apple-converted-space\">\u00a0<\/span><\/li>\n<li class=\"li1\">Pintado com RAL 3002 vermelho carmim\/galvanizado<span class=\"Apple-converted-space\">\u00a0<\/span><\/li>\n<li class=\"li1\">Momento de eleva\u00e7\u00e3o 0,54 mt<span class=\"Apple-converted-space\">\u00a0<\/span><\/li>\n<li class=\"li1\">Peso 95 kg<span class=\"Apple-converted-space\">\u00a0<\/span><\/li>\n<\/ul>\n<p>[\/vc_column_text][\/vc_column_inner][\/vc_row_inner][\/vc_column][\/vc_row][vc_row css=&#8221;.vc_custom_1472028866702{margin-top: 10px !important;}&#8221;][vc_column css=&#8221;.vc_custom_1467642298584{margin-top: 50px !important;margin-bottom: 20px !important;}&#8221;][vc_separator style=&#8221;dashed&#8221; border_width=&#8221;2&#8243;][\/vc_column][\/vc_row][vc_row css=&#8221;.vc_custom_1472028873394{margin-top: 50px !important;margin-bottom: 10px !important;}&#8221;][vc_column width=&#8221;1\/2&#8243;][vc_single_image image=&#8221;518&#8243; img_size=&#8221;full&#8221;][\/vc_column][vc_column width=&#8221;1\/2&#8243; css=&#8221;.vc_custom_1468933251555{margin-top: 30px !important;}&#8221;][vc_column_text]<\/p>\n<h1>EBEV \u2013 GRUA MW500<\/h1>\n<p>[\/vc_column_text][vc_row_inner el_class=&#8221;ebev-liste&#8221;][vc_column_inner][vc_column_text]com guincho de cabo el\u00e9trico 12\/24v e ajuste manual do bra\u00e7o de eleva\u00e7\u00e3o<\/p>\n<ul>\n<li class=\"li1\">Bra\u00e7o de eleva\u00e7\u00e3o com uma extens\u00e3o manualmente extens\u00edvel<span class=\"Apple-converted-space\">\u00a0<\/span><\/li>\n<li class=\"li1\">Grua de 360 graus movida manualmente por uma manivela sobre uma<span class=\"Apple-converted-space\">\u00a0<\/span><\/li>\n<li class=\"li1\">Engrenagem sem-fim articul\u00e1vel<span class=\"Apple-converted-space\">\u00a0<\/span><\/li>\n<li class=\"li1\">Suporte manual ajust\u00e1vel em altura, lateralmente regulado e dobrado, montado na base da grua<\/li>\n<li class=\"li1\">Base da grua \u00e9 refor\u00e7ada com furos para fixa\u00e7\u00e3o<span class=\"Apple-converted-space\">\u00a0<\/span><\/li>\n<li class=\"li1\">Suporte de coluna est\u00e1vel com buchas<span class=\"Apple-converted-space\">\u00a0<\/span><\/li>\n<li class=\"li1\">Pintado com RAL 3002 vermelho carmim\/galvanizado<span class=\"Apple-converted-space\">\u00a0<\/span><\/li>\n<li class=\"li1\">Momento de eleva\u00e7\u00e3o 0,54 mt<span class=\"Apple-converted-space\">\u00a0<\/span><\/li>\n<li class=\"li1\">Peso 105 kg<span class=\"Apple-converted-space\">\u00a0<\/span><\/li>\n<\/ul>\n<p>[\/vc_column_text][\/vc_column_inner][\/vc_row_inner][\/vc_column][\/vc_row][vc_row][vc_column][vc_empty_space][\/vc_column][\/vc_row][vc_row][vc_column]<div class=\"cqcarousel-container \" data-slidestoshow=\"5\" data-thumbstoshow=\"7\" data-dots=\"no\" data-arrows=\"yes\" data-isgallery=\"is-gallery\" data-largeimagearrows=\"no\" data-autoplay=\"yes\" data-autoplayspeed=\"4000\" data-containerwidth=\"\" data-containermaxwidth=\"\" data-imgnum=\"6\" data-bottomversion=\"\" data-dotbottom=\"\" data-lightboxmode=\"prettyphoto\"><div class=\"carousel-gallery\"><div><img decoding=\"async\" src=\"https:\/\/ebev.de\/wp-content\/uploads\/2016\/08\/ebev-lift-01.jpg\" alt=\"\" \/><\/div><div><img decoding=\"async\" src=\"https:\/\/ebev.de\/wp-content\/uploads\/2016\/08\/ebev-lift-05.jpg\" alt=\"\" \/><\/div><div><img decoding=\"async\" src=\"https:\/\/ebev.de\/wp-content\/uploads\/2016\/08\/ebev-lift-06.jpg\" alt=\"\" \/><\/div><div><img decoding=\"async\" src=\"https:\/\/ebev.de\/wp-content\/uploads\/2016\/08\/ebev-lift-03.jpg\" alt=\"\" \/><\/div><div><img decoding=\"async\" src=\"https:\/\/ebev.de\/wp-content\/uploads\/2016\/08\/ebev-lift-04.jpg\" alt=\"\" \/><\/div><div><img decoding=\"async\" src=\"https:\/\/ebev.de\/wp-content\/uploads\/2016\/08\/ebev-lift-02.jpg\" alt=\"\" \/><\/div><\/div><div class=\"carousel-thumb is-gallery\"><div title=\"\"><img decoding=\"async\" src=\"https:\/\/ebev.de\/wp-content\/uploads\/2016\/08\/ebev-lift-01.jpg\" alt=\"\" \/><\/div><div title=\"\"><img decoding=\"async\" src=\"https:\/\/ebev.de\/wp-content\/uploads\/2016\/08\/ebev-lift-05.jpg\" alt=\"\" \/><\/div><div title=\"\"><img decoding=\"async\" src=\"https:\/\/ebev.de\/wp-content\/uploads\/2016\/08\/ebev-lift-06.jpg\" alt=\"\" \/><\/div><div title=\"\"><img decoding=\"async\" src=\"https:\/\/ebev.de\/wp-content\/uploads\/2016\/08\/ebev-lift-03.jpg\" alt=\"\" \/><\/div><div title=\"\"><img decoding=\"async\" src=\"https:\/\/ebev.de\/wp-content\/uploads\/2016\/08\/ebev-lift-04.jpg\" alt=\"\" \/><\/div><div title=\"\"><img decoding=\"async\" src=\"https:\/\/ebev.de\/wp-content\/uploads\/2016\/08\/ebev-lift-02.jpg\" alt=\"\" \/><\/div><\/div><\/div>[\/vc_column][\/vc_row]<\/p>\n","protected":false},"excerpt":{"rendered":"<p>[vc_row css=&#8221;.vc_custom_1472028743282{margin-top: 50px !important;margin-bottom: 10px !important;}&#8221;][vc_column][vc_column_text] EBEV \u2013 GRUA 500 [\/vc_column_text][vc_column_text] Quer escolha a Grua MH 500 equipada com uma bomba manual hidr\u00e1ulica para o cilindro<span class=\"excerpt-hellip\"> [\u2026]<\/span><\/p>\n","protected":false},"author":1,"featured_media":0,"parent":2122,"menu_order":4,"comment_status":"closed","ping_status":"closed","template":"","meta":{"footnotes":""},"class_list":["post-2153","page","type-page","status-publish","hentry"],"aioseo_notices":[],"_links":{"self":[{"href":"https:\/\/ebev.de\/pt-pt\/wp-json\/wp\/v2\/pages\/2153","targetHints":{"allow":["GET"]}}],"collection":[{"href":"https:\/\/ebev.de\/pt-pt\/wp-json\/wp\/v2\/pages"}],"about":[{"href":"https:\/\/ebev.de\/pt-pt\/wp-json\/wp\/v2\/types\/page"}],"author":[{"embeddable":true,"href":"https:\/\/ebev.de\/pt-pt\/wp-json\/wp\/v2\/users\/1"}],"replies":[{"embeddable":true,"href":"https:\/\/ebev.de\/pt-pt\/wp-json\/wp\/v2\/comments?post=2153"}],"version-history":[{"count":2,"href":"https:\/\/ebev.de\/pt-pt\/wp-json\/wp\/v2\/pages\/2153\/revisions"}],"predecessor-version":[{"id":2155,"href":"https:\/\/ebev.de\/pt-pt\/wp-json\/wp\/v2\/pages\/2153\/revisions\/2155"}],"up":[{"embeddable":true,"href":"https:\/\/ebev.de\/pt-pt\/wp-json\/wp\/v2\/pages\/2122"}],"wp:attachment":[{"href":"https:\/\/ebev.de\/pt-pt\/wp-json\/wp\/v2\/media?parent=2153"}],"curies":[{"name":"wp","href":"https:\/\/api.w.org\/{rel}","templated":true}]}}